
{"id":4220,"date":"2019-03-26T19:42:27","date_gmt":"2019-03-26T19:42:27","guid":{"rendered":"http:\/\/deisa.com.mx\/wp\/?page_id=4220"},"modified":"2019-04-08T14:31:53","modified_gmt":"2019-04-08T14:31:53","slug":"aviso-de-privacidad","status":"publish","type":"page","link":"https:\/\/deisa.com.mx\/wp\/?page_id=4220","title":{"rendered":"Aviso de privacidad"},"content":{"rendered":"<div class=\"container-fluid\"><div id=\"element_1177639663539\" class=\"el_row row\"><div class=\"inner-row\"><div id=\"element_2\" class=\"el_column col-md-12\"><div class=\"inner-column\"><div id=\"element_3177639663551\" class=\"el_text text-justify\"><p>En cumplimiento con lo establecido en el Art\u00edculo 3 Fracciones I, 8, 15, 16, 17, 18 y 36 de la <strong>Ley Federal de Protecci\u00f3n de Datos Personales<\/strong> en Posesi\u00f3n de Particulares, nos permitimos informar nuestra pol\u00edtica de privacidad, manejo de datos personales y ratificamos los compromisos siguientes:<\/p>\n<p><strong>1.- Identidad y domicilio del responsable del tratamiento de sus datos personales:<\/strong><\/p>\n<p>DEISA CONSULTING, S.A.P.I. DE C.V., con denominaci\u00f3n comercial DEISA. Como contactarnos: En las calles de Pennsylvania n\u00famero 300-3, Colonia N\u00e1poles, C.P. 03810 Benito Ju\u00e1rez, Ciudad de M\u00e9xico. Tel\u00e9fono 55-91-72-81-62. P\u00e1gina web: www.deisa.com.mx<\/p>\n<p>Empresa prestadora de servicios en: Verificar y dictaminar mediante la evaluaci\u00f3n de la conformidad, el cumplimiento de las Normas Oficiales Mexicanas en materia de Gas Natural, Gas Licuado de Petr\u00f3leo, Petrol\u00edferos, Petroqu\u00edmicos, DACG en materia de medici\u00f3n aplicables a las actividades de almacenamiento y transporte de petr\u00f3leo, petrol\u00edferos y petroqu\u00edmicos; y con la finalidad de asegurar la privacidad de los datos proporcionados por nuestros empleados, proveedores y clientes al vincularse con los servicios proporcionados por la responsable, se manifiesta que:<\/p>\n<p>El titular y personal de Recursos Humanos ser\u00e1n los responsables a nombre de esta, de recabar la informaci\u00f3n, as\u00ed como de atender las solicitudes con respecto a los Derechos de Acceso, Rectificaci\u00f3n, Cancelaci\u00f3n y Oposici\u00f3n (ARCO), con domicilio en las calles de Pennsylvania n\u00famero 300-3, Colonia N\u00e1poles, C.P. 03810, Benito Ju\u00e1rez, Ciudad de M\u00e9xico. Tel\u00e9fono 55-55-77-64-22, Pagina web: www.deisa.com.mx<\/p>\n<p><strong>2.-Datos personales que pueden recabarse:<\/strong><\/p>\n<p>Para las finalidades se\u00f1aladas en el presente aviso de privacidad, podemos recabar sus datos personales de distintas formas: cuando usted nos los proporciona directamente, cuando visita nuestro sitio en internet o utiliza nuestros servicios en l\u00ednea y cuando obtenemos informaci\u00f3n a trav\u00e9s de otras fuentes que est\u00e1n permitidas por la ley.<\/p>\n<p>Es importante citar que en algunos casos ser\u00e1n recabados y tratados datos sensibles, como origen racial o \u00e9tnico, estado de salud presente y futuro, informaci\u00f3n gen\u00e9tica, creencias religiosas, filos\u00f3ficas y morales, preferencia sexual, entre otras que se consideren pertinentes, mismos que nos comprometemos a que los mismos ser\u00e1n tratados bajo las m\u00e1s estrictas medidas de seguridad que garanticen su confidencialidad.<\/p>\n<p>DEISA, podr\u00e1 recabar de manera enunciativa m\u00e1s no limitativa con objeto de que le prestemos un servicio:<\/p>\n<p>Datos sobre el trabajador, nombre completo, domicilio, credencial del IFE, CURP, RFC (si es el caso), credencial u hoja rosa del IMSS, fecha de nacimiento, tel\u00e9fono, celular, correo electr\u00f3nico, nacionalidad, \u00faltimo grado de estudios, empleo actual, empleo anterior, as\u00ed como datos de los padres y dependientes econ\u00f3micos.<\/p>\n<p>Datos sobre proveedores y clientes, nombre, domicilio de estos o de su representante legal, n\u00famero de cuenta bancaria o clave interbancaria, RFC, entre otros dependiendo la vinculaci\u00f3n del servicio prestado.<\/p>\n<p>De conformidad con el numeral 9 de la Ley Federal de Protecci\u00f3n de Datos Personales en Posesi\u00f3n de Particulares, requerimos su consentimiento para el tratamiento que se dar\u00e1 a sus datos sensibles, indicando si acepta o no dicho tratamiento.<\/p>\n<p><strong>3.- Finalidades del tratamiento de los datos:<\/strong><\/p>\n<p>Los datos personales recabados ser\u00e1n utilizados para los siguientes fines; Operaci\u00f3n y administraci\u00f3n del expediente en el \u00e1mbito laboral y contractual y cualquier otro servicio que ofrezca DEISA, contratado por usted. Informaci\u00f3n de contacto para la localizaci\u00f3n de los trabajadores, proveedores y clientes, ya sea para citas, emergencias, informes o avisos.<\/p>\n<p>Para dar cumplimiento a obligaciones contra\u00eddas con nuestros clientes, empleados y proveedores.<\/p>\n<p><strong>4.- Transferencia de datos personales:<\/strong><\/p>\n<p>Los datos recabados podr\u00e1n ser transferidos y tratados dentro y fuera del pa\u00eds, por personas f\u00edsicas o morales distintas a DEISA en los siguientes casos:<\/p>\n<p>A la Secretaria de Hacienda y Cr\u00e9dito P\u00fablico, Instituto Mexicano del Seguro Social y a otras dependencias de Gobierno que de manera oficial soliciten a DEISA informaci\u00f3n.<\/p>\n<p>Terceros contratados para brindar servicios, en el entendido que solo se transfiere nombre completo y domicilio.<\/p>\n<p>DEISA se compromete a no transferir informaci\u00f3n personal a terceros sin su consentimiento, con las excepciones previstas por la propia Ley Federal de Protecci\u00f3n de Datos Personales en Posesi\u00f3n de Particulares y leyes y reglamentos complementarios.<\/p>\n<p>Si usted no manifiesta su oposici\u00f3n para que sus datos sean transferidos, se entender\u00e1 como aceptado su consentimiento para ello.<\/p>\n<p><strong>5.- Opciones y medios a los titulares para limitar el uso o divulgaci\u00f3n de los datos, as\u00ed como para ejercer los derechos de acceso, rectificaci\u00f3n, cancelaci\u00f3n u oposici\u00f3n (ARCO):<\/strong><\/p>\n<p>Usted tiene el derecho de acceder a sus datos personales y a los detalles del tratamiento de los mismos, ya sea para rectificarlos en caso de ser inexactos o incompletos, cancelarlos, cuando considere que no se requieren para alguna de las finalidades se\u00f1aladas en el presente aviso de privacidad, est\u00e9n siendo utilizados para fines no consentidos o haya finalizado la relaci\u00f3n contractual o de servicio, o bien oponerse al tratamiento que se les de\u0301.<\/p>\n<p>Lo manifestado en el p\u00e1rrafo precedente podr\u00e1 hacerse valer en forma personal o por representante legal, representaci\u00f3n esta que deber\u00e1 acreditarse fehacientemente conforme a derecho, para ello tendr\u00e1 que enviar una solicitud v\u00eda correo electr\u00f3nico dirigida al \u00e1rea de Recursos Humanos, correo y domicilio se\u00f1alados en el numeral marcado con el n\u00famero 1 del presente aviso de privacidad.<\/p>\n<p>La solicitud deber\u00e1 reunir los siguientes requisitos:<\/p>\n<p>Nombre, domicilio y direcci\u00f3n electr\u00f3nica del solicitante.<\/p>\n<p>Copia simple de identificaci\u00f3n oficial con fotograf\u00eda o en su caso documento con el cual se acredite la personalidad del representante legal que actuara a su nombre y representaci\u00f3n e identificaci\u00f3n del mismo.<\/p>\n<p>Descripci\u00f3n clara y precisa de los datos personales de los cuales pretenda tener acceso, rectificaci\u00f3n, cancelaci\u00f3n u oposici\u00f3n, as\u00ed como para limitar el uso o divulgaci\u00f3n de los mismos.<\/p>\n<p>Cualquier elemento o documento que facilite la localizaci\u00f3n de sus datos personales.<\/p>\n<p>Firma del titular de los datos.<\/p>\n<p>Para el caso de solicitar rectificaci\u00f3n de datos, deber\u00e1 indicar en que\u0301 consiste dicha rectificaci\u00f3n y como deber\u00e1n quedar los mismos, proporcionando los documentos que acrediten y sustenten dicha solicitud.<\/p>\n<p>En un plazo m\u00e1ximo de 20 d\u00edas h\u00e1biles posteriores a la recepci\u00f3n de la solicitud, se informar\u00e1 al solicitante v\u00eda correo electr\u00f3nico proporcionado, sobre el cumplimiento dado a su derecho.<\/p>\n<p>Nos reservamos el derecho de efectuar en cualquier momento modificaciones o actualizaciones al presente aviso de privacidad, para la atenci\u00f3n de novedades legislativas, pol\u00edticas internas o nuevos requerimientos para la prestaci\u00f3n u ofrecimiento de nuestros servicios o productos.<\/p>\n<p>Estas modificaciones estar\u00e1n disponibles al p\u00fablico a trav\u00e9s de nuestra p\u00e1gina web: <a href=\"http:\/\/deisa.com.mx\/\">www.deisa.com.mx<\/a><\/p>\n<p>Fecha de actualizaci\u00f3n 9 de agosto del 2017.<\/p><\/div><\/div><\/div><\/div><\/div><\/div>\n","protected":false},"excerpt":{"rendered":"","protected":false},"author":2,"featured_media":0,"parent":0,"menu_order":0,"comment_status":"closed","ping_status":"closed","template":"","meta":[],"_links":{"self":[{"href":"https:\/\/deisa.com.mx\/wp\/index.php?rest_route=\/wp\/v2\/pages\/4220"}],"collection":[{"href":"https:\/\/deisa.com.mx\/wp\/index.php?rest_route=\/wp\/v2\/pages"}],"about":[{"href":"https:\/\/deisa.com.mx\/wp\/index.php?rest_route=\/wp\/v2\/types\/page"}],"author":[{"embeddable":true,"href":"https:\/\/deisa.com.mx\/wp\/index.php?rest_route=\/wp\/v2\/users\/2"}],"replies":[{"embeddable":true,"href":"https:\/\/deisa.com.mx\/wp\/index.php?rest_route=%2Fwp%2Fv2%2Fcomments&post=4220"}],"version-history":[{"count":8,"href":"https:\/\/deisa.com.mx\/wp\/index.php?rest_route=\/wp\/v2\/pages\/4220\/revisions"}],"predecessor-version":[{"id":4465,"href":"https:\/\/deisa.com.mx\/wp\/index.php?rest_route=\/wp\/v2\/pages\/4220\/revisions\/4465"}],"wp:attachment":[{"href":"https:\/\/deisa.com.mx\/wp\/index.php?rest_route=%2Fwp%2Fv2%2Fmedia&parent=4220"}],"curies":[{"name":"wp","href":"https:\/\/api.w.org\/{rel}","templated":true}]}}