
{"id":4190,"date":"2019-03-26T16:53:58","date_gmt":"2019-03-26T16:53:58","guid":{"rendered":"http:\/\/deisa.com.mx\/wp\/?page_id=4190"},"modified":"2026-01-23T22:20:45","modified_gmt":"2026-01-23T22:20:45","slug":"transporte-y-almacenamiento","status":"publish","type":"page","link":"https:\/\/deisa.com.mx\/wp\/?page_id=4190","title":{"rendered":"Transformaci\u00f3n y Almacenamiento"},"content":{"rendered":"<div class=\"container-fluid\"><div id=\"element_1177783589440\" class=\"el_row row\"><div class=\"inner-row\"><div id=\"element_2\" class=\"el_column col-md-12\"><div class=\"inner-column\"><div id=\"element_3177783589432\" class=\"el_text text-justify\"><div id=\"element-9\" class=\"section-head left layout-petro\">\n<h2 class=\"section-main-title\">Objetivo<\/h2>\n<\/div>\n<div class=\"text-justify\">\n<p><strong><span style=\"color: #01224e;\">NOM-006-ASEA-2017<\/span>:<\/strong> Especificaciones y criterios t\u00e9cnicos de seguridad industrial, seguridad operativa y protecci\u00f3n al medio ambiente para el dise\u00f1o, construcci\u00f3n, pre-arranque, operaci\u00f3n, mantenimiento, cierre y desmantelamiento de las instalaciones terrestres de almacenamiento de petrol\u00edferos y petr\u00f3leo, excepto\u00a0 para gas licuado de petr\u00f3leo.<\/p>\n<p>La presente Norma Oficial Mexicana establece las especificaciones, criterios t\u00e9cnicos y requisitos de Seguridad Industrial, Seguridad Operativa y Protecci\u00f3n al Medio Ambiente, que se deben cumplir en el Dise\u00f1o, Construcci\u00f3n, Pre-Arranque, Operaci\u00f3n, Mantenimiento, Cierre y Desmantelamiento de instalaciones terrestres de almacenamiento de Petrol\u00edferos y Petr\u00f3leo, excepto para Gas Licuado de Petr\u00f3leo; as\u00ed como las \u00e1reas de Recepci\u00f3n y Entrega dentro de la instalaci\u00f3n, y para el almacenamiento dentro de la instalaci\u00f3n de Aditivos, Componentes Oxigenantes y Biocombustibles, vinculados al proceso de mezclado o preparaci\u00f3n de gasolinas.<\/p>\n<p style=\"text-align: left;\"><strong><span style=\"color: #01224e;\">NOM-017-ASEA-2023<\/span>: <\/strong>NOM-017-ASEA-2023 Instalaciones de Almacenamiento de Gas Licuado de Petr\u00f3leo (GLP). o La Norma Oficial Mexicana establece las especificaciones t\u00e9cnicas y requisitos de Seguridad Industrial, Seguridad Operativa, y protecci\u00f3n al medio ambiente, que deben ser aplicados en el Dise\u00f1o, Construcci\u00f3n, Pre-arranque, Operaci\u00f3n y Mantenimiento de las Instalaciones terrestres y\/o mar\u00edtimas de Almacenamiento de Gas Licuado de Petr\u00f3leo (GLP), para prevenir da\u00f1os a la poblaci\u00f3n, Instalaciones y al medio ambiente\u201d<\/p>\n<\/div><\/div><\/div><\/div><\/div><\/div><\/div><div class=\"container-fluid\"><div id=\"element_4177783589450\" class=\"el_row row\"><div class=\"inner-row\"><div id=\"element_5\" class=\"el_column col-md-12\"><div class=\"inner-column\"><div id=\"element-6\" class=\"section-head left layout-petro\"><div><h2 class=\"section-main-title\">Disposiciones Oficiales<\/h2><\/div><\/div><\/div><\/div><\/div><\/div><\/div><div class=\"container-fluid\"><div id=\"element_7177783589450\" class=\"el_row row\"><div class=\"inner-row\"><div id=\"element_8\" class=\"el_column col-md-8\"><div class=\"inner-column\"><div id=\"element_9\" class=\"module-iconboxes style-8\"><div class=\"iconboxes-wrap\" ><span class=\"box\"><a target='_blank' href='http:\/\/deisa.com.mx\/wp\/?p=4417'><i  class=\"fa-clipboard\">&nbsp;<\/i><\/a><\/span><div class=\"text-wrap\"><h4 class=\"box-heading\" >NOM-006-ASEA-2017<\/h4><div class=\"iconboxes-text\"><p>ESPECIFICACIONES Y CRITERIOS T\u00c9CNICOS DE\u00a0SEGURIDAD INDUSTRIAL, SEGURIDAD OPERATIVA Y PROTECCI\u00d3N AL MEDIO AMBIENTE PARA EL DISE\u00d1O,\u00a0CONSTRUCCI\u00d3N, PRE-ARRANQUE, OPERACI\u00d3N, MANTENIMIENTO, CIERRE Y DESMANTELAMIENTO DE LAS\u00a0INSTALACIONES TERRESTRES DE ALMACENAMIENTO DE PETROL\u00cdFEROS Y PETR\u00d3LEO, EXCEPTO PARA GAS\u00a0LICUADO DE PETR\u00d3LEO<\/p><a target=\"_blank\" href=\"http:\/\/deisa.com.mx\/wp\/?p=4417\" class=\"more-link\">M\u00e1s informaci\u00f3n<\/a><\/div><\/div><\/div><\/div><\/div><\/div><div id=\"element_10\" class=\"el_column col-md-4\"><div class=\"inner-column\"><div id=\"element_11\" class=\"module-iconboxes style-8\"><div class=\"iconboxes-wrap\" ><span class=\"box\"><a target='_blank' href='http:\/\/deisa.com.mx\/wp\/wp-content\/uploads\/acreditaciones-aprobaciones\/Transformacion%20y%20almacenamiento\/NOM-017-ASEA-2023.pdf'><i  class=\"fa-clipboard\">&nbsp;<\/i><\/a><\/span><div class=\"text-wrap\"><h4 class=\"box-heading\" >NOM-017-ASEA-2023<\/h4><div class=\"iconboxes-text\"><p>NOM-017-ASEA-2023 INSTALACIONES DE ALMACENAMIENTO DE GAS LICUADO DE PETR\u00d3LEO (GLP). O LA NORMA OFICIAL MEXICANA ESTABLECE LAS ESPECIFICACIONES T\u00c9CNICAS Y REQUISITOS DE SEGURIDAD INDUSTRIAL, SEGURIDAD OPERATIVA, Y PROTECCI\u00d3N AL MEDIO AMBIENTE.<\/p><a target=\"_blank\" href=\"http:\/\/deisa.com.mx\/wp\/wp-content\/uploads\/acreditaciones-aprobaciones\/Transformacion%20y%20almacenamiento\/NOM-017-ASEA-2023.pdf\" class=\"more-link\">M\u00e1s informaci\u00f3n<\/a><\/div><\/div><\/div><\/div><\/div><\/div><\/div><\/div><\/div><div class=\"container-fluid\"><div id=\"element_12177783589483\" class=\"el_row row\"><div class=\"inner-row\"><div id=\"element_13\" class=\"el_column col-md-12\"><div class=\"inner-column\"><div id=\"element-14\" class=\"section-head left layout-petro\"><div><h2 class=\"section-main-title\">Acreditaci\u00f3n<\/h2><\/div><\/div><div id=\"element-15\" class=\"section-head center\"><div><h2 class=\"section-main-title\">Acreditaci\u00f3n \/ Aprobaci\u00f3n<\/h2><\/div><\/div><\/div><\/div><\/div><\/div><\/div><div class=\"container-fluid\"><div id=\"element_16177783589484\" class=\"el_row row\"><div class=\"inner-row\"><div id=\"element_17\" class=\"el_column col-md-6\"><div class=\"inner-column\"><div id=\"element_18177783589485\" class=\"el_text\"><ul>\n<li><a href=\"http:\/\/deisa.com.mx\/wp\/wp-content\/uploads\/acreditaciones-aprobaciones\/Transformacion y almacenamiento\/Diploma acreditaci\u00f3n EMA NOM 017.pdf\" target=\"_blank\" rel=\"noopener\">Acreditaci\u00f3n Diploma EMA NOM006<\/a><\/li>\n<li><a href=\"http:\/\/deisa.com.mx\/wp\/wp-content\/uploads\/acreditaciones-aprobaciones\/Ductos\/AcreditacionAnexoNOM006.pdf\" target=\"_blank\" rel=\"noopener\">Acreditaci\u00f3n Anexo EMA NOM006<\/a><\/li>\n<li><a href=\"http:\/\/deisa.com.mx\/wp\/wp-content\/uploads\/acreditaciones-aprobaciones\/Transformacion y almacenamiento\/Diploma acreditaci\u00f3n EMA NOM 017.PDF\">Acreditaci\u00f3n Diploma EMA NOM017<\/a><\/li>\n<li><a href=\"http:\/\/deisa.com.mx\/wp\/wp-content\/uploads\/acreditaciones-aprobaciones\/Transformacion y almacenamiento\/Anexo acreditaci\u00f3n EMA NOM 017.PDF\">Acreditaci\u00f3n Anexo EMA NOM017<\/a><\/li>\n<\/ul><\/div><\/div><\/div><div id=\"element_19\" class=\"el_column col-md-6\"><div class=\"inner-column\"><div id=\"element_20177783589454\" class=\"el_text\"><ul>\n<li><a href=\"http:\/\/deisa.com.mx\/wp\/wp-content\/uploads\/acreditaciones-aprobaciones\/Ductos\/Actualizacion Aprobacion ASEA NOM 006.pdf\" target=\"_blank\" rel=\"noopener\">Actualizaci\u00f3n de Aprobaci\u00f3n ASEA NOM006<\/a><\/li>\n<li><a href=\"http:\/\/deisa.com.mx\/wp\/wp-content\/uploads\/acreditaciones-aprobaciones\/Transformacion y almacenamiento\/Aprobacion ASEA NOM 017.pdf\">Actualizaci\u00f3n de Aprobaci\u00f3n ASEA NOM-017-2023<\/a><\/li>\n<\/ul><\/div><\/div><\/div><\/div><\/div><\/div>\n","protected":false},"excerpt":{"rendered":"","protected":false},"author":2,"featured_media":0,"parent":2102,"menu_order":0,"comment_status":"closed","ping_status":"closed","template":"","meta":[],"_links":{"self":[{"href":"https:\/\/deisa.com.mx\/wp\/index.php?rest_route=\/wp\/v2\/pages\/4190"}],"collection":[{"href":"https:\/\/deisa.com.mx\/wp\/index.php?rest_route=\/wp\/v2\/pages"}],"about":[{"href":"https:\/\/deisa.com.mx\/wp\/index.php?rest_route=\/wp\/v2\/types\/page"}],"author":[{"embeddable":true,"href":"https:\/\/deisa.com.mx\/wp\/index.php?rest_route=\/wp\/v2\/users\/2"}],"replies":[{"embeddable":true,"href":"https:\/\/deisa.com.mx\/wp\/index.php?rest_route=%2Fwp%2Fv2%2Fcomments&post=4190"}],"version-history":[{"count":39,"href":"https:\/\/deisa.com.mx\/wp\/index.php?rest_route=\/wp\/v2\/pages\/4190\/revisions"}],"predecessor-version":[{"id":4769,"href":"https:\/\/deisa.com.mx\/wp\/index.php?rest_route=\/wp\/v2\/pages\/4190\/revisions\/4769"}],"up":[{"embeddable":true,"href":"https:\/\/deisa.com.mx\/wp\/index.php?rest_route=\/wp\/v2\/pages\/2102"}],"wp:attachment":[{"href":"https:\/\/deisa.com.mx\/wp\/index.php?rest_route=%2Fwp%2Fv2%2Fmedia&parent=4190"}],"curies":[{"name":"wp","href":"https:\/\/api.w.org\/{rel}","templated":true}]}}