
{"id":4155,"date":"2019-03-21T21:27:14","date_gmt":"2019-03-21T21:27:14","guid":{"rendered":"http:\/\/deisa.com.mx\/wp\/?page_id=4155"},"modified":"2026-01-23T00:47:12","modified_gmt":"2026-01-23T00:47:12","slug":"medicion","status":"publish","type":"page","link":"https:\/\/deisa.com.mx\/wp\/?page_id=4155","title":{"rendered":"Regulaci\u00f3n Transversal"},"content":{"rendered":"<div class=\"container-fluid\"><div id=\"element_1177661293953\" class=\"el_row row\"><div class=\"inner-row\"><div id=\"element_2\" class=\"el_column col-md-12\"><div class=\"inner-column\"><div id=\"element_3177661293930\" class=\"el_text\"><div id=\"element-9\" class=\"section-head left layout-petro\">\n<h2 class=\"section-main-title\">Objetivo<\/h2>\n<\/div>\n<div class=\"text-justify\">\n<p><strong><span style=\"color: #01224e;\">DACG SASISOPA Comercial<\/span>:<\/strong> Disposiciones Administrativas de Car\u00e1cter General que establecen los Lineamientos para la conformaci\u00f3n, implementaci\u00f3n y autorizaci\u00f3n de los Sistemas de Administraci\u00f3n de Seguridad Industrial, Seguridad Operativa y Protecci\u00f3n al Medio Ambiente aplicables a las actividades de expendio al p\u00fablico de Gas Natural, distribuci\u00f3n y expendio al p\u00fablico de Gas Licuado de Petr\u00f3leo y de Petrol\u00edferos.<\/p>\n<p>Estas Disposiciones\u00a0tienen por objeto establecer los requisitos m\u00ednimos para la conformaci\u00f3n, autorizaci\u00f3n e implementaci\u00f3n de los Sistemas de Administraci\u00f3n de Seguridad\u00a0Industrial,Seguridad Operativa y Protecci\u00f3n al Medio Ambiente de los Regulados, a los que se refiere el Cap\u00edtulo III dela Ley de la Agencia Nacional de Seguridad Industrial y de Protecci\u00f3n al Medio Ambiente\u00a0del Sector Hidrocarburos.<\/p>\n<p><strong><span style=\"color: #01224e;\">DACG SASISOPA Industrial<\/span>:<\/strong> Disposiciones Administrativas de Car\u00e1cter General que establecen los Lineamientos para la conformaci\u00f3n, implementaci\u00f3n y autorizaci\u00f3n de los Sistemas de Administraci\u00f3n de Seguridad Industrial, Seguridad Operativa y Protecci\u00f3n al Medio Ambiente aplicables a las actividades del Sector Hidrocarburos que se indican.<\/p>\n<p>Estas Disposiciones Administrativas ienen por objeto establecer los requisitos m\u00ednimos para la conformaci\u00f3n, operaci\u00f3n, implementaci\u00f3n y autorizaci\u00f3n de los Sistemas de Administraci\u00f3n de Seguridad Industrial, Seguridad Operativa y Protecci\u00f3n al Medio Ambiente de los Regulados a los que se refiere el Cap\u00edtulo III de la Ley.<\/p>\n<\/div><\/div><\/div><\/div><\/div><\/div><\/div><div class=\"container-fluid\"><div id=\"element_4177661293921\" class=\"el_row row\"><div class=\"inner-row\"><div id=\"element_5\" class=\"el_column col-md-12\"><div class=\"inner-column\"><div id=\"element-6\" class=\"section-head left layout-petro\"><div><h2 class=\"section-main-title\">Disposiciones Oficiales<\/h2><\/div><\/div><\/div><\/div><\/div><\/div><\/div><div class=\"container-fluid\"><div id=\"element_7177661293984\" class=\"el_row row\"><div class=\"inner-row\"><div id=\"element_8\" class=\"el_column col-md-6\"><div class=\"inner-column\"><div id=\"element_9\" class=\"module-iconboxes style-8\"><div class=\"iconboxes-wrap\" ><span class=\"box\"><a target='_blank' href='http:\/\/deisa.com.mx\/wp\/?p=4431'><i  class=\"fa-clipboard\">&nbsp;<\/i><\/a><\/span><div class=\"text-wrap\"><h4 class=\"box-heading\" >DACG SASISOPA Comercial<\/h4><div class=\"iconboxes-text\"><p>DISPOSICIONES ADMINISTRATIVAS DE CAR\u00c1CTER GENERAL QUE ESTABLECEN LOS LINEAMIENTOS PARA\u00a0LA CONFORMACI\u00d3N, IMPLEMENTACI\u00d3N Y AUTORIZACI\u00d3N DE LOS SISTEMAS DE ADMINISTRACI\u00d3N DE\u00a0SEGURIDAD INDUSTRIAL, SEGURIDAD OPERATIVA Y PROTECCI\u00d3N AL MEDIO AMBIENTE APLICABLES A LAS\u00a0ACTIVIDADES DE EXPENDIO AL P\u00daBLICO DE GAS NATURAL, DISTRIBUCI\u00d3N Y EXPENDIO AL P\u00daBLICO DE\u00a0GAS\u00a0LICUADO DE PETR\u00d3LEO Y DE PETROL\u00cdFEROS<\/p><a target=\"_blank\" href=\"http:\/\/deisa.com.mx\/wp\/?p=4431\" class=\"more-link\">M\u00e1s informaci\u00f3n<\/a><\/div><\/div><\/div><\/div><\/div><\/div><div id=\"element_10\" class=\"el_column col-md-6\"><div class=\"inner-column\"><div id=\"element_11\" class=\"module-iconboxes style-8\"><div class=\"iconboxes-wrap\" ><span class=\"box\"><a target='_blank' href='http:\/\/deisa.com.mx\/wp\/?p=4585'><i  class=\"fa-clipboard\">&nbsp;<\/i><\/a><\/span><div class=\"text-wrap\"><h4 class=\"box-heading\" >DACG SASISOPA Industrial<\/h4><div class=\"iconboxes-text\"><p>DISPOSICIONES ADMINISTRATIVAS DE CAR\u00c1CTER GENERAL QUE ESTABLECEN LOS LINEAMIENTOS PARA\u00a0LA CONFORMACI\u00d3N, IMPLEMENTACI\u00d3N Y AUTORIZACI\u00d3N DE LOS SISTEMAS DE ADMINISTRACI\u00d3N DE\u00a0SEGURIDAD INDUSTRIAL, SEGURIDAD OPERATIVA Y PROTECCI\u00d3N AL MEDIO AMBIENTE APLICABLES A LAS\u00a0ACTIVIDADES DEL SECTOR HIDROCARBUROS QUE SE INDICAN<\/p><a target=\"_blank\" href=\"http:\/\/deisa.com.mx\/wp\/?p=4585\" class=\"more-link\">M\u00e1s informaci\u00f3n<\/a><\/div><\/div><\/div><\/div><\/div><\/div><\/div><\/div><\/div><div class=\"container-fluid\"><div id=\"element_12177661293966\" class=\"el_row row\"><div class=\"inner-row\"><div id=\"element_13\" class=\"el_column col-md-12\"><div class=\"inner-column\"><div id=\"element-14\" class=\"section-head left layout-petro\"><div><h2 class=\"section-main-title\">Autorizaci\u00f3n<\/h2><\/div><\/div><\/div><\/div><\/div><\/div><\/div><div class=\"container-fluid\"><div id=\"element_15177661293988\" class=\"el_row row\"><div class=\"inner-row\"><div id=\"element_16\" class=\"el_column col-md-6\"><div class=\"inner-column\"><div id=\"element_17177661293982\" class=\"el_text\"><ul>\n<li><span style=\"font-size: 0.9rem; letter-spacing: 0.42px;\"><a href=\"http:\/\/deisa.com.mx\/wp\/wp-content\/uploads\/acreditaciones-aprobaciones\/SASISOPA\/Autorizacion ASEA SASISOPA Comercial.pdf\" target=\"_blank\" rel=\"noopener\">Autorizaci\u00f3n DACG SASISOPA Comercial<\/a> <\/span><\/li>\n<li><a href=\"http:\/\/deisa.com.mx\/wp\/wp-content\/uploads\/acreditaciones-aprobaciones\/SASISOPA\/Autorizacion ASEA SASISOPA Industrial.pdf\" target=\"_blank\" rel=\"noopener\">Autorizaci\u00f3n DACG SASISOPA Industrial<\/a><\/li>\n<\/ul><\/div><\/div><\/div><div id=\"element_18\" class=\"el_column col-md-6\"><div class=\"inner-column\"><\/div><\/div><\/div><\/div><\/div>\n","protected":false},"excerpt":{"rendered":"","protected":false},"author":2,"featured_media":0,"parent":2102,"menu_order":0,"comment_status":"closed","ping_status":"closed","template":"","meta":[],"_links":{"self":[{"href":"https:\/\/deisa.com.mx\/wp\/index.php?rest_route=\/wp\/v2\/pages\/4155"}],"collection":[{"href":"https:\/\/deisa.com.mx\/wp\/index.php?rest_route=\/wp\/v2\/pages"}],"about":[{"href":"https:\/\/deisa.com.mx\/wp\/index.php?rest_route=\/wp\/v2\/types\/page"}],"author":[{"embeddable":true,"href":"https:\/\/deisa.com.mx\/wp\/index.php?rest_route=\/wp\/v2\/users\/2"}],"replies":[{"embeddable":true,"href":"https:\/\/deisa.com.mx\/wp\/index.php?rest_route=%2Fwp%2Fv2%2Fcomments&post=4155"}],"version-history":[{"count":20,"href":"https:\/\/deisa.com.mx\/wp\/index.php?rest_route=\/wp\/v2\/pages\/4155\/revisions"}],"predecessor-version":[{"id":4761,"href":"https:\/\/deisa.com.mx\/wp\/index.php?rest_route=\/wp\/v2\/pages\/4155\/revisions\/4761"}],"up":[{"embeddable":true,"href":"https:\/\/deisa.com.mx\/wp\/index.php?rest_route=\/wp\/v2\/pages\/2102"}],"wp:attachment":[{"href":"https:\/\/deisa.com.mx\/wp\/index.php?rest_route=%2Fwp%2Fv2%2Fmedia&parent=4155"}],"curies":[{"name":"wp","href":"https:\/\/api.w.org\/{rel}","templated":true}]}}