
{"id":4150,"date":"2019-03-21T21:27:20","date_gmt":"2019-03-21T21:27:20","guid":{"rendered":"http:\/\/deisa.com.mx\/wp\/?page_id=4150"},"modified":"2026-01-23T22:26:47","modified_gmt":"2026-01-23T22:26:47","slug":"petroliferos-y-petroquimicos","status":"publish","type":"page","link":"https:\/\/deisa.com.mx\/wp\/?page_id=4150","title":{"rendered":"Medici\u00f3n y Calidad"},"content":{"rendered":"<div class=\"container-fluid\"><div id=\"element_1177892338269\" class=\"el_row row\"><div class=\"inner-row\"><div id=\"element_2\" class=\"el_column col-md-12\"><div class=\"inner-column\"><div id=\"element_3177892338273\" class=\"el_text\"><div class=\"section-head left layout-petro\">\n<h2 class=\"section-main-title\">Objetivo<\/h2>\n<\/div>\n<div class=\"text-justify\">\n<p><strong><span style=\"color: #01224e;\">NOM-001-SECRE-2010<\/span>:<\/strong> Especificaciones del gas natural.<\/p>\n<p>Esta Norma Oficial Mexicana tiene como finalidad establecer las especificaciones que debe cumplir el gas natural que se maneje en los sistemas de transporte, almacenamiento y distribuci\u00f3n de gas natural, para preservar la seguridad de las personas, medio ambiente e instalaciones de los permisionarios y de los usuarios.<\/p>\n<p>Esta Norma es aplicable al gas natural que se entrega en cada uno de los puntos de inyecci\u00f3n a los sistemas de transporte, almacenamiento y distribuci\u00f3n, as\u00ed como en cada uno de los puntos de transferencia de custodia a otros permisionarios o usuarios finales.<\/p>\n<p><strong><span style=\"color: #01224e;\">DACG Transporte<\/span>:<\/strong>\u00a0Disposiciones Administrativas de Car\u00e1cter General en materia de medici\u00f3n aplicables a la actividad de transporte por ducto de hidrocarburos, petrol\u00edferos y petroqu\u00edmicos.<\/p>\n<p>Estas Disposiciones Administrativas de Car\u00e1cter General en Materia de Medici\u00f3n (DACG) tratan sobre la configuraci\u00f3n de sistemas de medici\u00f3n utilizados para determinar las cantidades, ya sea volumen o masa, de hidrocarburos, petrol\u00edferos y petroqu\u00edmicos que se conducen por los sistemas de transporte por ductos en el pa\u00eds, y que son objeto de la regulaci\u00f3n de la Comisi\u00f3n Nacional de Energ\u00eda (CNE).<\/p>\n<p><strong><span style=\"color: #01224e;\">DACG Almacenamiento<\/span>:<\/strong>\u00a0Disposiciones Administrativas de Car\u00e1cter General en materia de medici\u00f3n aplicables a la actividad de almacenamiento de petr\u00f3leo, petrol\u00edferos y petroqu\u00edmicos.<\/p>\n<p>Estas Disposiciones Administrativas de Car\u00e1cter General en Materia de Medici\u00f3n (DACG) son aplicables y tratan sobre la configuraci\u00f3n de sistemas de medici\u00f3n utilizados para determinar las cantidades, ya sea volumen o masa, de petrol\u00edferos y petroqu\u00edmicos que se reciben, almacenan y se transfieren en las Terminales de Almacenamiento y Reparto (TAR), plantas de distribuci\u00f3n, transporte por medio de ductos o estaciones de servicio, seg\u00fan corresponda, y de petr\u00f3leo en cualquier otro sistema de almacenamiento en el pa\u00eds, objeto de la regulaci\u00f3n de la Comisi\u00f3n Nacional de Energ\u00eda (CNE).<\/p>\n<\/div><\/div><\/div><\/div><\/div><\/div><\/div><div class=\"container-fluid\"><div id=\"element_4177892338295\" class=\"el_row row\"><div class=\"inner-row\"><div id=\"element_5\" class=\"el_column col-md-12\"><div class=\"inner-column\"><div id=\"element-6\" class=\"section-head left layout-petro\"><div><h2 class=\"section-main-title\">Disposiciones Oficiales<\/h2><\/div><\/div><\/div><\/div><\/div><\/div><\/div><div class=\"container-fluid\"><div id=\"element_7177892338220\" class=\"el_row row\"><div class=\"inner-row\"><div id=\"element_8\" class=\"el_column col-md-12\"><div class=\"inner-column\"><div id=\"element_9\" class=\"module-iconboxes style-8\"><div class=\"iconboxes-wrap\" ><span class=\"box\"><a target='_blank' href='http:\/\/deisa.com.mx\/wp\/?p=4246'><i  class=\"fa-clipboard\">&nbsp;<\/i><\/a><\/span><div class=\"text-wrap\"><h4 class=\"box-heading\" >NOM-001-SECRE-2010<\/h4><div class=\"iconboxes-text\"><p>ESPECIFICACIONES DEL GAS NATURAL<\/p><a target=\"_blank\" href=\"http:\/\/deisa.com.mx\/wp\/?p=4246\" class=\"more-link\">M\u00e1s informaci\u00f3n<\/a><\/div><\/div><\/div><\/div><\/div><\/div><\/div><\/div><\/div><div class=\"container-fluid\"><div id=\"element_10177892338251\" class=\"el_row row\"><div class=\"inner-row\"><div id=\"element_11\" class=\"el_column col-md-6\"><div class=\"inner-column\"><div id=\"element_12\" class=\"module-iconboxes style-8\"><div class=\"iconboxes-wrap\" ><span class=\"box\"><a target='_blank' href='http:\/\/deisa.com.mx\/wp\/?p=4372'><i  class=\"fa-clipboard\">&nbsp;<\/i><\/a><\/span><div class=\"text-wrap\"><h4 class=\"box-heading\" >DACG Transporte<\/h4><div class=\"iconboxes-text\"><p>DISPOSICIONES ADMINISTRATIVAS DE CAR\u00c1CTER GENERAL EN MATERIA DE MEDICI\u00d3N APLICABLES A LA ACTIVIDAD DE TRANSPORTE POR DUCTO DE HIDROCARBUROS, PETROL\u00cdFEROS Y PETROQU\u00cdMICOS<\/p><a target=\"_blank\" href=\"http:\/\/deisa.com.mx\/wp\/?p=4372\" class=\"more-link\">M\u00e1s informaci\u00f3n<\/a><\/div><\/div><\/div><\/div><\/div><\/div><div id=\"element_13\" class=\"el_column col-md-6\"><div class=\"inner-column\"><div id=\"element_14\" class=\"module-iconboxes style-8\"><div class=\"iconboxes-wrap\" ><span class=\"box\"><a target='_blank' href='http:\/\/deisa.com.mx\/wp\/?p=4380'><i  class=\"fa-clipboard\">&nbsp;<\/i><\/a><\/span><div class=\"text-wrap\"><h4 class=\"box-heading\" >DACG Almacenamiento<\/h4><div class=\"iconboxes-text\"><p>DISPOSICIONES ADMINISTRATIVAS DE CAR\u00c1CTER GENERAL EN MATERIA DE MEDICI\u00d3N APLICABLES A LA ACTIVIDAD DE ALMACENAMIENTO DE PETR\u00d3LEO, PETROL\u00cdFEROS Y PETROQU\u00cdMICOS<\/p><a target=\"_blank\" href=\"http:\/\/deisa.com.mx\/wp\/?p=4380\" class=\"more-link\">M\u00e1s informaci\u00f3n<\/a><\/div><\/div><\/div><\/div><\/div><\/div><\/div><\/div><\/div><div class=\"container-fluid\"><div id=\"element_15177892338262\" class=\"el_row row\"><div class=\"inner-row\"><div id=\"element_16\" class=\"el_column col-md-6\"><div class=\"inner-column\"><div id=\"element-17\" class=\"section-head left layout-petro\"><div><h2 class=\"section-main-title\">Aprobaciones<\/h2><\/div><\/div><div id=\"element_18177892338212\" class=\"el_text\"><ul>\n<li><a href=\"http:\/\/deisa.com.mx\/wp\/wp-content\/uploads\/acreditaciones-aprobaciones\/Gas-Natural\/Aprobaciones\/RES301-2019CREAprobacionNOM001.pdf\" target=\"_blank\" rel=\"noopener\">Aprobaci\u00f3n GN NOM-001<\/a><\/li>\n<\/ul>\n<p>&nbsp;<\/p><\/div><\/div><\/div><div id=\"element_19\" class=\"el_column col-md-6\"><div class=\"inner-column\"><div id=\"element-20\" class=\"section-head left layout-petro\"><div><h2 class=\"section-main-title\">Autorizaciones<\/h2><\/div><\/div><div id=\"element_21177892338271\" class=\"el_text\"><ul>\n<li><a href=\"http:\/\/deisa.com.mx\/wp\/wp-content\/uploads\/acreditaciones-aprobaciones\/Medicion\/Aprobacion\/RES4692019DACGMT.pdf\" target=\"_blank\" rel=\"noopener\">Aprobaci\u00f3n CRE Medici\u00f3n Transporte<\/a><\/li>\n<\/ul><\/div><div id=\"element-22\" class=\"section-head left layout-petro\"><div><h2 class=\"section-main-title\">Acreditaci\u00f3n<\/h2><\/div><\/div><div id=\"element_23177892338265\" class=\"el_text\"><ul>\n<li><a href=\"http:\/\/deisa.com.mx\/wp\/wp-content\/uploads\/acreditaciones-aprobaciones\/Gas-Natural\/Acreditaciones\/DiplomaGN.pdf\" target=\"_blank\" rel=\"noopener\">Acreditaci\u00f3n Diploma EMA NOM-001<\/a><\/li>\n<li><a href=\"http:\/\/deisa.com.mx\/wp\/wp-content\/uploads\/acreditaciones-aprobaciones\/Medicion\/Anexo Ema\/Anexo Acreditaci\u00f3n EMA NOM 001.PDF\" target=\"_blank\" rel=\"noopener\">Acreditaci\u00f3n Anexo EMA NOM-001<\/a><\/li>\n<\/ul><\/div><\/div><\/div><\/div><\/div><\/div>\n","protected":false},"excerpt":{"rendered":"","protected":false},"author":2,"featured_media":0,"parent":2102,"menu_order":0,"comment_status":"closed","ping_status":"closed","template":"","meta":[],"_links":{"self":[{"href":"https:\/\/deisa.com.mx\/wp\/index.php?rest_route=\/wp\/v2\/pages\/4150"}],"collection":[{"href":"https:\/\/deisa.com.mx\/wp\/index.php?rest_route=\/wp\/v2\/pages"}],"about":[{"href":"https:\/\/deisa.com.mx\/wp\/index.php?rest_route=\/wp\/v2\/types\/page"}],"author":[{"embeddable":true,"href":"https:\/\/deisa.com.mx\/wp\/index.php?rest_route=\/wp\/v2\/users\/2"}],"replies":[{"embeddable":true,"href":"https:\/\/deisa.com.mx\/wp\/index.php?rest_route=%2Fwp%2Fv2%2Fcomments&post=4150"}],"version-history":[{"count":27,"href":"https:\/\/deisa.com.mx\/wp\/index.php?rest_route=\/wp\/v2\/pages\/4150\/revisions"}],"predecessor-version":[{"id":4770,"href":"https:\/\/deisa.com.mx\/wp\/index.php?rest_route=\/wp\/v2\/pages\/4150\/revisions\/4770"}],"up":[{"embeddable":true,"href":"https:\/\/deisa.com.mx\/wp\/index.php?rest_route=\/wp\/v2\/pages\/2102"}],"wp:attachment":[{"href":"https:\/\/deisa.com.mx\/wp\/index.php?rest_route=%2Fwp%2Fv2%2Fmedia&parent=4150"}],"curies":[{"name":"wp","href":"https:\/\/api.w.org\/{rel}","templated":true}]}}