
{"id":4116,"date":"2019-03-21T21:27:08","date_gmt":"2019-03-21T21:27:08","guid":{"rendered":"http:\/\/deisa.com.mx\/wp\/?page_id=4116"},"modified":"2025-12-13T04:01:52","modified_gmt":"2025-12-13T04:01:52","slug":"gas-natural","status":"publish","type":"page","link":"https:\/\/deisa.com.mx\/wp\/?page_id=4116","title":{"rendered":"Transporte y Distribuci\u00f3n"},"content":{"rendered":"<div class=\"container-fluid\"><div id=\"element_1177639623644\" class=\"el_row row\"><div class=\"inner-row\"><div id=\"element_2\" class=\"el_column col-md-12\"><div class=\"inner-column\"><div id=\"element_3177639623653\" class=\"el_text text-justify\"><div class=\"section-head left layout-petro\">\n<h2 class=\"section-main-title\">Objetivo<\/h2>\n<\/div>\n<p><strong><span style=\"color: #01224e;\">NOM-002-SECRE-2010<\/span>:<\/strong> Instalaciones de aprovechamiento de gas natural.<\/p>\n<p>Esta Norma establece los requisitos m\u00ednimos de seguridad que deben cumplirse en el dise\u00f1o, materiales, construcci\u00f3n, instalaci\u00f3n, pruebas de hermeticidad, operaci\u00f3n, mantenimiento y seguridad de las instalaciones de aprovechamiento de gas natural.<\/p>\n<p>Esta Norma es aplicable a las instalaciones de aprovechamiento que conduzcan gas natural desde la salida del medidor o de una estaci\u00f3n de regulaci\u00f3n y medici\u00f3n, hasta la v\u00e1lvula de seccionamiento anterior a cada uno de los aparatos de consumo.<\/p>\n<p><strong><span style=\"color: #01224e;\">NOM-003-ASEA-2016<\/span>:<\/strong> Distribuci\u00f3n del gas natural y gas licuado de petr\u00f3leo por ductos.<\/p>\n<p>La presente Norma Oficial Mexicana establece las especificaciones y criterios t\u00e9cnicos de Seguridad Industrial, Seguridad Operativa y protecci\u00f3n al medio ambiente, para el dise\u00f1o, construcci\u00f3n, pre-arranque, operaci\u00f3n, mantenimiento, Cierre y Desmantelamiento, de los Sistemas de distribuci\u00f3n de Gas Natural y de Gas Licuado de Petr\u00f3leo por Ductos.<\/p>\n<p><strong><span style=\"color: #01224e;\">NOM-007-ASEA-2016<\/span>:<\/strong> Transporte de gas natural, etano y gas asociado al carb\u00f3n mineral por medio de ductos.<\/p>\n<p>La presente Norma Oficial Mexicana de Transporte de Gas Natural, Etano y Gas asociado al carb\u00f3n mineral por medio de Ductos, establece los requisitos m\u00ednimos y especificaciones t\u00e9cnicas de Seguridad Industrial, Seguridad Operativa y Protecci\u00f3n al medio ambiente, que deben cumplir los Regulados para el Dise\u00f1o, Construcci\u00f3n, Pre-arranque, Operaci\u00f3n, Mantenimiento, Cierre y Desmantelamiento de los Sistemas de Transporte de Gas Natural, Etano y Gas Natural Asociado al carb\u00f3n mineral por medio de Ductos.<\/p>\n<p><strong><span style=\"color: #01224e;\">NOM-009-ASEA-2017<\/span>:<\/strong>\u00a0Administraci\u00f3n de la integridad de ductos de recolecci\u00f3n, transporte y distribuci\u00f3n de hidrocarburos, petrol\u00edferos y petroqu\u00edmicos.<\/p>\n<p>Esta Norma Oficial Mexicana tiene por objeto establecer los requisitos que se deben cumplir para la Administraci\u00f3n de la\u00a0integridad del Ducto, Segmento o secci\u00f3n de recolecci\u00f3n, Transporte y Distribuci\u00f3n de Hidrocarburos,\u00a0Petrol\u00edferos y Petroqu\u00edmicos, durante su ciclo de vida; con la finalidad de mantener la Seguridad Industrial, la\u00a0Seguridad Operativa y la protecci\u00f3n al medio ambiente.<\/p>\n<p>Esta Norma es aplicable a todo el ciclo de vida para las actividades de: recolecci\u00f3n de Hidrocarburos, el Transporte de Petr\u00f3leo, Gas Natural y Petrol\u00edferos, el Transporte de Petroqu\u00edmicos cuyos Ductos est\u00e9n vinculados al procesamiento de Gas Natural y a la Refinaci\u00f3n del Petr\u00f3leo, y la Distribuci\u00f3n de Gas Natural y Petrol\u00edferos. Incluye Ductos fuera de operaci\u00f3n (temporal o abandonado), as\u00ed como Ductos empacados o inertizados.<\/p>\n<p><strong><span style=\"color: #01224e;\">NOM-011-SECRE-2000<\/span>:<\/strong> Gas natural comprimido para uso automotor. Requisitos m\u00ednimos de seguridad en instalaciones vehiculares.<\/p>\n<p>Esta Norma Oficial Mexicana se emite para regular la utilizaci\u00f3n de gas natural comprimido como combustible en veh\u00edculos automotores y la instalaci\u00f3n de los sistemas de combusti\u00f3n para gas natural comprimido en los veh\u00edculos.<\/p>\n<p>Esta Norma establece los requisitos m\u00ednicmos de seguridad que deben cumplir las instalaciones vehiculares para uso de gas natural comprimido.<\/p>\n<p><strong><span style=\"color: #01224e;\">DACG Trasvase<\/span>:<\/strong>\u00a0Disposiciones Administrativas de Car\u00e1cter General que establecen los Lineamientos que se deben cumplir, en el Dise\u00f1o, Construcci\u00f3n, Pre-arranque, Operaci\u00f3n, Mantenimiento, Cierre, Desmantelamiento y Abandono, para las Instalaciones y operaciones de Trasvase asociadas a las actividades de Transporte y\/o Distribuci\u00f3n de Hidrocarburos y\/o Petrol\u00edferos, por medios distintos a Ductos.<\/p>\n<p>Estos Lineamientos, tienen por objeto establecer los elementos t\u00e9cnicos y requisitos\u00a0m\u00ednimos de Seguridad Industrial, Seguridad Operativa y protecci\u00f3n al medio ambiente, que deber\u00e1n cumplir\u00a0los Regulados que lleven a cabo las operaciones de Trasvase asociadas a las actividades de Transporte y\/o\u00a0Distribuci\u00f3n por medios distintos a ductos.<\/p>\n<p><strong><span style=\"color: #01224e;\">DACG SISOPA Transporte<\/span>:<\/strong>\u00a0Disposiciones Administrativas de Car\u00e1cter General que establecen los Lineamientos en materia de Seguridad Industrial, Seguridad Operativa y Protecci\u00f3n al Medio Ambiente, para el Transporte Terrestre por medio de Ductos de Petr\u00f3leo, Petrol\u00edferos y Petroqu\u00edmicos.<\/p>\n<p>Los presentes lineamientos tienen por objeto establecer las especificaciones, caracter\u00edsticas y requisitos que el Reguladodebe cumplir para el dise\u00f1o, construcci\u00f3n, pre-arranque, operaci\u00f3n y mantenimiento, cierre, desmantelamiento y abandono de Sistemas de Transporte terrestre por medio de Ductos de Petr\u00f3leo, Petrol\u00edferos y Petroqu\u00edmicos, con la finalidad de prevenir da\u00f1os a la poblaci\u00f3n, al personal, a las instalaciones e impactos al medio ambiente.<\/p><\/div><\/div><\/div><\/div><\/div><\/div><div class=\"container-fluid\"><div id=\"element_4177639623649\" class=\"el_row row\"><div class=\"inner-row\"><div id=\"element_5\" class=\"el_column col-md-12\"><div class=\"inner-column\"><div id=\"element-6\" class=\"section-head left layout-petro\"><div><h2 class=\"section-main-title\">Disposiciones Oficiales<\/h2><\/div><\/div><\/div><\/div><\/div><\/div><\/div><div class=\"container-fluid\"><div id=\"element_7177639623678\" class=\"el_row row\"><div class=\"inner-row\"><div id=\"element_8\" class=\"el_column col-md-4\"><div class=\"inner-column\"><div id=\"element_9\" class=\"module-iconboxes style-8\"><div class=\"iconboxes-wrap\" ><span class=\"box\"><a target='_blank' href='http:\/\/deisa.com.mx\/wp\/?p=4344'><i  class=\"fa-clipboard\">&nbsp;<\/i><\/a><\/span><div class=\"text-wrap\"><h4 class=\"box-heading\" >NOM-011-SECRE-2000<\/h4><div class=\"iconboxes-text\"><p>GAS NATURAL COMPRIMIDO PARA USO AUTOMOTOR<\/p><a target=\"_blank\" href=\"http:\/\/deisa.com.mx\/wp\/?p=4344\" class=\"more-link\">M\u00e1s informaci\u00f3n<\/a><\/div><\/div><\/div><\/div><\/div><\/div><div id=\"element_10\" class=\"el_column col-md-4\"><div class=\"inner-column\"><div id=\"element_11\" class=\"module-iconboxes style-8\"><div class=\"iconboxes-wrap\" ><span class=\"box\"><a target='_blank' href='http:\/\/deisa.com.mx\/wp\/?p=4306'><i  class=\"fa-clipboard\">&nbsp;<\/i><\/a><\/span><div class=\"text-wrap\"><h4 class=\"box-heading\" >NOM-002-SECRE-2010<\/h4><div class=\"iconboxes-text\"><p>INSTALACIONES DE APROVECHAMIENTO DE GAS NATURAL<\/p><a target=\"_blank\" href=\"http:\/\/deisa.com.mx\/wp\/?p=4306\" class=\"more-link\">M\u00e1s informaci\u00f3n<\/a><\/div><\/div><\/div><\/div><\/div><\/div><div id=\"element_12\" class=\"el_column col-md-4\"><div class=\"inner-column\"><div id=\"element_13\" class=\"module-iconboxes style-8\"><div class=\"iconboxes-wrap\" ><span class=\"box\"><a target='_blank' href='http:\/\/deisa.com.mx\/wp\/?p=4311'><i  class=\"fa-clipboard\">&nbsp;<\/i><\/a><\/span><div class=\"text-wrap\"><h4 class=\"box-heading\" >NOM-003-ASEA-2016<\/h4><div class=\"iconboxes-text\"><p>DISTRIBUCI\u00d3N DE GAS NATURAL Y GAS LICUADO DE PETR\u00d3LEO POR DUCTOS.<\/p><a target=\"_blank\" href=\"http:\/\/deisa.com.mx\/wp\/?p=4311\" class=\"more-link\">M\u00e1s informaci\u00f3n<\/a><\/div><\/div><\/div><\/div><\/div><\/div><\/div><\/div><\/div><div class=\"container-fluid\"><div id=\"element_14177639623686\" class=\"el_row row\"><div class=\"inner-row\"><div id=\"element_15\" class=\"el_column col-md-4\"><div class=\"inner-column\"><div id=\"element_16\" class=\"module-iconboxes style-8\"><div class=\"iconboxes-wrap\" ><span class=\"box\"><a target='_blank' href='http:\/\/deisa.com.mx\/wp\/?p=4327'><i  class=\"fa-clipboard\">&nbsp;<\/i><\/a><\/span><div class=\"text-wrap\"><h4 class=\"box-heading\" >NOM-007-SECRE-2016<\/h4><div class=\"iconboxes-text\"><p>TRANSPORTE DE GAS NATURAL<\/p><a target=\"_blank\" href=\"http:\/\/deisa.com.mx\/wp\/?p=4327\" class=\"more-link\">M\u00e1s informaci\u00f3n<\/a><\/div><\/div><\/div><\/div><\/div><\/div><div id=\"element_17\" class=\"el_column col-md-4\"><div class=\"inner-column\"><div id=\"element_18\" class=\"module-iconboxes style-8\"><div class=\"iconboxes-wrap\" ><span class=\"box\"><a target='_self' href='http:\/\/deisa.com.mx\/wp\/?p=4590'><i  class=\"fa-clipboard\">&nbsp;<\/i><\/a><\/span><div class=\"text-wrap\"><h4 class=\"box-heading\" >NOM-009-ASEA-2017<\/h4><div class=\"iconboxes-text\"><p>ADMINISTRACI\u00d3N DE LA INTEGRIDAD DE DUCTOS<\/p><a target=\"_self\" href=\"http:\/\/deisa.com.mx\/wp\/?p=4590\" class=\"more-link\">M\u00e1s informaci\u00f3n<\/a><\/div><\/div><\/div><\/div><\/div><\/div><div id=\"element_19\" class=\"el_column col-md-4\"><div class=\"inner-column\"><div id=\"element_20\" class=\"module-iconboxes style-8\"><div class=\"iconboxes-wrap\" ><span class=\"box\"><a target='_self' href='http:\/\/deisa.com.mx\/wp\/?p=4400'><i  class=\"fa-clipboard\">&nbsp;<\/i><\/a><\/span><div class=\"text-wrap\"><h4 class=\"box-heading\" >DACG SISOPA Transporte<\/h4><div class=\"iconboxes-text\"><p>DISPOSICIONES ADMINISTRATIVAS DE CAR\u00c1CTER GENERAL QUE ESTABLECEN LOS LINEAMIENTOS EN MATERIA DE SEGURIDAD INDUSTRIAL, SEGURIDAD OPERATIVA Y PROTECCI\u00d3N AL MEDIO AMBIENTE, PARA EL TRANSPORTE TERRESTRE POR MEDIO DE DUCTOS DE PETR\u00d3LEO, PETROL\u00cdFEROS Y PETROQU\u00cdMICOS.<\/p><a target=\"_self\" href=\"http:\/\/deisa.com.mx\/wp\/?p=4400\" class=\"more-link\">M\u00e1s informaci\u00f3n<\/a><\/div><\/div><\/div><\/div><\/div><\/div><\/div><\/div><\/div><div class=\"container-fluid\"><div id=\"element_21177639623627\" class=\"el_row row\"><div class=\"inner-row\"><div id=\"element_22\" class=\"el_column col-md-12\"><div class=\"inner-column\"><div id=\"element_23\" class=\"module-iconboxes style-8\"><div class=\"iconboxes-wrap\" ><span class=\"box\"><a target='_self' href='http:\/\/deisa.com.mx\/wp\/?p=4593'><i  class=\"fa-clipboard\">&nbsp;<\/i><\/a><\/span><div class=\"text-wrap\"><h4 class=\"box-heading\" >DACG Trasvase<\/h4><div class=\"iconboxes-text\"><p>DISPOSICIONES ADMINISTRATIVAS DE CAR\u00c1CTER GENERAL QUE ESTABLECEN LOS LINEAMIENTOS QUE SE DEBEN CUMPLIR, EN EL DISE\u00d1O, CONSTRUCCI\u00d3N, PRE-ARRANQUE, OPERACI\u00d3N, MANTENIMIENTO, CIERRE, DESMANTELAMIENTO Y ABANDONO, PARA LAS INSTALACIONES Y OPERACIONES DE TRASVASE ASOCIADAS A LAS ACTIVIDADES DE TRANSPORTE Y\/O DISTRIBUCI\u00d3N DE HIDROCARBUROS Y\/O PETROL\u00cdFEROS, POR MEDIOS DISTINTOS A DUCTOS.<\/p><a target=\"_self\" href=\"http:\/\/deisa.com.mx\/wp\/?p=4593\" class=\"more-link\">M\u00e1s informaci\u00f3n<\/a><\/div><\/div><\/div><\/div><\/div><\/div><\/div><\/div><\/div><div class=\"container-fluid\"><div id=\"element_24177639623668\" class=\"el_row row\"><div class=\"inner-row\"><div id=\"element_25\" class=\"el_column col-md-6\"><div class=\"inner-column\"><div id=\"element-26\" class=\"section-head left layout-petro\"><div><h2 class=\"section-main-title\">Acreditaciones<\/h2><\/div><\/div><div id=\"element_27177639623614\" class=\"el_text\"><ul class=\"aprobaciones\">\n<li><a href=\"http:\/\/deisa.com.mx\/wp\/wp-content\/uploads\/acreditaciones-aprobaciones\/Gas-Natural\/Acreditaciones\/DiplomaGN.pdf\" target=\"_blank\" rel=\"noopener\">Acreditaci\u00f3n Diploma EMA GN NOM002, NOM003, NOM007 y NOM-011<\/a><\/li>\n<li><a href=\"http:\/\/deisa.com.mx\/wp\/wp-content\/uploads\/acreditaciones-aprobaciones\/Transporte-y-almacenamiento\/Autorizaciones\/Anexo Acreditaci\u00f3n EMA GN NOM002, NOM003, NOM 007, NOM011.pdf\" target=\"_blank\" rel=\"noopener\">Acreditaci\u00f3n Anexo EMA GN NOM002, NOM003, NOM007 y NOM011<\/a><\/li>\n<li><a href=\"http:\/\/deisa.com.mx\/wp\/wp-content\/uploads\/acreditaciones-aprobaciones\/Transporte-y-almacenamiento\/Acreditaciones\/DiplomaNOM009.pdf\" target=\"_blank\" rel=\"noopener\">Acreditaci\u00f3n Diploma EMA NOM009<\/a><\/li>\n<li><a href=\"http:\/\/deisa.com.mx\/wp\/wp-content\/uploads\/acreditaciones-aprobaciones\/Transporte-y-almacenamiento\/Acreditaciones\/AnexoNOM009.pdf\" target=\"_blank\" rel=\"noopener\">Acreditaci\u00f3n Anexo UVDUC 009<\/a><\/li>\n<li><\/li>\n<\/ul><\/div><\/div><\/div><div id=\"element_28\" class=\"el_column col-md-6\"><div class=\"inner-column\"><div id=\"element-29\" class=\"section-head left layout-petro\"><div><h2 class=\"section-main-title\">Aprobaciones<\/h2><\/div><\/div><div id=\"element_30177639623620\" class=\"el_text\"><ul class=\"aprobaciones\">\n<li><a href=\"http:\/\/deisa.com.mx\/wp\/wp-content\/uploads\/acreditaciones-aprobaciones\/Gas-Natural\/Aprobaciones\/SEAporbacionNOM002yNOM011.pdf\" target=\"_blank\" rel=\"noopener\">Aprobaci\u00f3n SE NOM002 y NOM011<\/a><\/li>\n<li><a href=\"http:\/\/deisa.com.mx\/wp\/wp-content\/uploads\/acreditaciones-aprobaciones\/Transporte-y-almacenamiento\/Autorizaciones\/Aprobaci\u00f3n ASEA NOM 003.pdf\" target=\"_blank\" rel=\"noopener\">Aprobaci\u00f3n ASEA NOM003<\/a><\/li>\n<li><a href=\"http:\/\/deisa.com.mx\/wp\/wp-content\/uploads\/acreditaciones-aprobaciones\/Transporte-y-almacenamiento\/Autorizaciones\/Aprobaci\u00f3n ASEA NOM 007.pdf\" target=\"_blank\" rel=\"noopener\">Aprobaci\u00f3n ASEA NOM007<\/a><\/li>\n<li><a href=\"http:\/\/deisa.com.mx\/wp\/wp-content\/uploads\/acreditaciones-aprobaciones\/Transporte-y-almacenamiento\/Autorizaciones\/Aprobacion ASEA NOM 009.pdf\" target=\"_blank\" rel=\"noopener\">Actualizaci\u00f3n de Aprobaci\u00f3n ASEA NOM009<\/a><\/li>\n<li><a href=\"http:\/\/deisa.com.mx\/wp\/wp-content\/uploads\/acreditaciones-aprobaciones\/Transporte-y-almacenamiento\/Autorizaciones\/Autorizaci\u00f3n Transporte por ducto.pdf\" target=\"_blank\" rel=\"noopener\">Actualizaci\u00f3n de Autorizaci\u00f3n ASEA Transporte Terrestre por Ducto<\/a><\/li>\n<li><a href=\"http:\/\/deisa.com.mx\/wp\/wp-content\/uploads\/acreditaciones-aprobaciones\/Transporte-y-almacenamiento\/Autorizaciones\/Autorizaci\u00f3n DACG Trasvase.pdf\" target=\"_blank\" rel=\"noopener\">Autorizaci\u00f3n ASEA Trasvase<\/a><\/li>\n<\/ul><\/div><\/div><\/div><\/div><\/div><\/div>\n","protected":false},"excerpt":{"rendered":"","protected":false},"author":2,"featured_media":0,"parent":2102,"menu_order":0,"comment_status":"closed","ping_status":"closed","template":"","meta":[],"_links":{"self":[{"href":"https:\/\/deisa.com.mx\/wp\/index.php?rest_route=\/wp\/v2\/pages\/4116"}],"collection":[{"href":"https:\/\/deisa.com.mx\/wp\/index.php?rest_route=\/wp\/v2\/pages"}],"about":[{"href":"https:\/\/deisa.com.mx\/wp\/index.php?rest_route=\/wp\/v2\/types\/page"}],"author":[{"embeddable":true,"href":"https:\/\/deisa.com.mx\/wp\/index.php?rest_route=\/wp\/v2\/users\/2"}],"replies":[{"embeddable":true,"href":"https:\/\/deisa.com.mx\/wp\/index.php?rest_route=%2Fwp%2Fv2%2Fcomments&post=4116"}],"version-history":[{"count":66,"href":"https:\/\/deisa.com.mx\/wp\/index.php?rest_route=\/wp\/v2\/pages\/4116\/revisions"}],"predecessor-version":[{"id":4734,"href":"https:\/\/deisa.com.mx\/wp\/index.php?rest_route=\/wp\/v2\/pages\/4116\/revisions\/4734"}],"up":[{"embeddable":true,"href":"https:\/\/deisa.com.mx\/wp\/index.php?rest_route=\/wp\/v2\/pages\/2102"}],"wp:attachment":[{"href":"https:\/\/deisa.com.mx\/wp\/index.php?rest_route=%2Fwp%2Fv2%2Fmedia&parent=4116"}],"curies":[{"name":"wp","href":"https:\/\/api.w.org\/{rel}","templated":true}]}}