
{"id":4100,"date":"2019-03-21T21:13:26","date_gmt":"2019-03-21T21:13:26","guid":{"rendered":"http:\/\/deisa.com.mx\/wp\/?page_id=4100"},"modified":"2026-01-23T21:46:54","modified_gmt":"2026-01-23T21:46:54","slug":"nosotros-2","status":"publish","type":"page","link":"https:\/\/deisa.com.mx\/wp\/?page_id=4100","title":{"rendered":"Nosotros"},"content":{"rendered":"<div class=\"container-fluid\"><div id=\"element_1177836320051\" class=\"el_row row\"><div class=\"inner-row\"><div id=\"element_2\" class=\"el_column col-md-12\"><div class=\"inner-column\"><div id=\"element_3177836320084\" class=\"row el_row\"><div class=\"inner-row\"><div id=\"element_4\" class=\"el_column col-md-6\"><div class=\"inner-column\"><div id=\"element-5\" class=\"section-head center layout-petro\"><div><h2 class=\"section-main-title\">\u00bfQui\u00e9nes somos?<\/h2><\/div><\/div><div id=\"element_6177836320065\" class=\"el_text text-justify\"><p>En DEISA Consulting, S.A.P.I. de C.V. (DEISA), somos una empresa 100% mexicana que se adapta y responde a los requisitos y necesidades del mercado, as\u00ed como a los requerimientos de los organismos reguladores y de acreditaci\u00f3n Nacionales; para asegurar el cumplimiento de las Normas Oficiales Mexicanas (NOM), Normas Mexicanas (NMX) en materia de gas natural y gas licuado de petr\u00f3leo, NOM, NMX, y Disposiciones Administrativas de Car\u00e1cter General (DACG) en materia de petrol\u00edferos y petroqu\u00edmicos; todo nuestro personal est\u00e1 dedicado a estas funciones.<\/p>\n<p>Nuestro personal est\u00e1 comprometido a realizar sus actividades, en todo momento, bajo altos principios de \u00e9tica de negocios, y los est\u00e1ndares de calidad establecidos en la normativa aplicable, as\u00ed como los requeridos por nuestros clientes; nuestra fortaleza radica en el profesionalismo y competencia de nuestros empleados y colaboradores, as\u00ed como en la retroalimentaci\u00f3n de nuestros clientes, que es tomada en cuenta para la innovaci\u00f3n y mejora continua de nuestras operaciones y servicios.<\/p><\/div><\/div><\/div><div id=\"element_7\" class=\"el_column col-md-6\"><div class=\"inner-column\"><div id=\"element_8\" class=\"youtube_popup\"><div class=\"action-panel\" ><a class=\"popup-youtube\" href=\"\" target=\"_blank\"><span class=\"fa fa-play fa-3x playvid\"><\/span><\/a><\/div><img class=\"img-responsive\" src=\"https:\/\/deisa.com.mx\/wp\/wp-content\/uploads\/2019\/04\/vlcsnap-2019-04-01-10h59m18s714.png\" alt=\"\"\/><\/div><\/div><\/div><\/div><\/div><\/div><\/div><\/div><\/div><\/div><div class=\"container-fluid\"><div id=\"element_9177836320071\" class=\"el_row row\"><div class=\"inner-row\"><div id=\"element_10\" class=\"el_column col-md-12\"><div class=\"inner-column\"><div id=\"element_11177836320073\" class=\"row el_row\"><div class=\"inner-row\"><div id=\"element_12\" class=\"el_column col-md-6\"><div class=\"inner-column\"><div id=\"element-13\" class=\"section-head center layout-petro\"><div><h2 class=\"section-main-title\">Misi\u00f3n<\/h2><\/div><\/div><div id=\"element_14177836320083\" class=\"el_text text-justify\"><p>Aportar a nuestros clientes en los sectores en los que concurre, soluciones que contribuyan a potenciar su competitividad y cumplimiento, maximizando la creaci\u00f3n de valor y atrayendo talento; a fin de crear un desarrollo sustentable.<\/p><\/div><div id=\"element-15\" class=\"section-head center layout-petro\"><div><h2 class=\"section-main-title\">Visi\u00f3n<\/h2><\/div><\/div><div id=\"element_16177836320018\" class=\"el_text text-justify\"><p>Consolidarnos como la organizaci\u00f3n referente en la provisi\u00f3n de soluciones entorno a la evaluaci\u00f3n de la conformidad, con calidad, seguridad y valor agregado en los sectores en los que concurre.<\/p><\/div><\/div><\/div><div id=\"element_17\" class=\"el_column col-md-6\"><div class=\"inner-column\"><div id=\"element-18\" class=\"section-head center layout-petro\"><div><h2 class=\"section-main-title\">Principios DEISA<\/h2><\/div><\/div><div id=\"element_19177836320060\" class=\"el_text text-center\"><ul class=\"bull\" style=\"float: left; padding-left: 20px;\">\n<li style=\"text-align: left;\">Integridad y \u00e9tica<\/li>\n<li>Imparcialidad e independencia<\/li>\n<li style=\"text-align: left;\">Respeto<\/li>\n<li style=\"text-align: left;\">Responsabilidad<\/li>\n<li style=\"text-align: left;\">Gobernanza<\/li>\n<\/ul><\/div><div id=\"element_20\" class=\"el_image\"><div class=\"img-wrap image-align-center style-default\" ><div class=\"inner-wrap\" ><img  class=\"img-responsive\"  src=\"https:\/\/deisa.com.mx\/wp\/wp-content\/uploads\/2019\/04\/logo-azul-grande-300x116.png\" alt=\"\"\/><\/div><\/div><\/div><\/div><\/div><\/div><\/div><\/div><\/div><\/div><\/div><\/div><div class=\"container-fluid\"><div id=\"element_21177836320070\" class=\"el_row row\"><div class=\"inner-row\"><div id=\"element_22\" class=\"el_column col-md-12\"><div class=\"inner-column\"><div id=\"element_23177836320064\" class=\"row el_row\"><div class=\"inner-row\"><div id=\"element_24\" class=\"el_column col-md-4\"><div class=\"inner-column\"><\/div><\/div><div id=\"element_25\" class=\"el_column col-md-4\"><div class=\"inner-column\"><\/div><\/div><div id=\"element_26\" class=\"el_column col-md-4\"><div class=\"inner-column\"><\/div><\/div><\/div><\/div><\/div><\/div><\/div><\/div><\/div><div class=\"container-fluid\"><div id=\"element_27177836320055\" class=\"el_row row\"><div class=\"inner-row\"><div id=\"element_28\" class=\"el_column col-md-12\"><div class=\"inner-column\"><div id=\"element_29177836320071\" class=\"row el_row\"><div class=\"inner-row\"><div id=\"element_30\" class=\"el_column col-md-12\"><div class=\"inner-column\"><div id=\"element-31\" class=\"section-head center layout-petro\"><div><h2 class=\"section-main-title\">Curriculum empresarial<\/h2><\/div><\/div><div id=\"element_32177836320088\" class=\"el_text\"><p style=\"text-align: center;\">Conoce m\u00e1s detalles acerca de nosotros, nuestras actividades y servicios. Descarga nuestro curriculum empresarial.<\/p><\/div><div id=\"element_33177836320077\" class=\"el-btn align-center\"><a class=\"btn btn-lg btn-skin-primary\" target=\"_blank\">Descargar<\/a><\/div><\/div><\/div><\/div><\/div><\/div><\/div><\/div><\/div><\/div><div class=\"container-fluid\"><div id=\"element_34177836320064\" class=\"el_row content-align_bottom column_equal_height row\"><div class=\"inner-row\"><div id=\"element_35\" class=\"el_column col-md-3\"><div class=\"inner-column\"><div id=\"element_36177836320050\" class=\"row el_row\"><div class=\"inner-row\"><div id=\"element_37\" class=\"el_column col-md-12\"><div class=\"inner-column\"><div id=\"element-38\" class=\"section-head center layout-petro\"><div><h2 class=\"section-main-title\">C\u00f3digo de \u00e9tica<\/h2><\/div><\/div><div id=\"element_39177836320094\" class=\"el_text\"><p style=\"text-align: center;\">Conoce m\u00e1s detalles. Descarga nuestro C\u00f3digo de \u00e9tica.<\/p><\/div><div id=\"element_40177836320059\" class=\"el-btn align-center\"><a href=\"http:\/\/deisa.com.mx\/wp\/wp-content\/uploads\/Codigos\/C\u00f3digo%20de%20\u00c9tica.pdf\" class=\"btn btn-lg btn-skin-primary\" target=\"_blank\">Descargar<\/a><\/div><\/div><\/div><\/div><\/div><\/div><\/div><div id=\"element_41\" class=\"el_column col-md-3\"><div class=\"inner-column\"><div id=\"element_42177836320054\" class=\"row el_row\"><div class=\"inner-row\"><div id=\"element_43\" class=\"el_column col-md-12\"><div class=\"inner-column\"><div id=\"element-44\" class=\"section-head center layout-petro\"><div><h2 class=\"section-main-title\">Pol\u00edtica de no discriminaci\u00f3n<\/h2><\/div><\/div><div id=\"element_45177836320089\" class=\"el_text\"><p style=\"text-align: center;\">Conoce m\u00e1s detalles. Descarga nuestra Pol\u00edtica de no discriminaci\u00f3n.<\/p><\/div><div id=\"element_46177836320042\" class=\"el-btn align-center\"><a href=\"http:\/\/deisa.com.mx\/wp\/wp-content\/uploads\/Codigos\/Pol\u00edtica%20de%20no%20discriminaci\u00f3n.pdf\" class=\"btn btn-lg btn-skin-primary\" target=\"_blank\">Descargar<\/a><\/div><\/div><\/div><\/div><\/div><\/div><\/div><div id=\"element_47\" class=\"el_column col-md-3\"><div class=\"inner-column\"><div id=\"element_48177836320062\" class=\"row el_row\"><div class=\"inner-row\"><div id=\"element_49\" class=\"el_column col-md-12\"><div class=\"inner-column\"><div id=\"element-50\" class=\"section-head center layout-petro\"><div><h2 class=\"section-main-title\">Pol\u00edtica de no conflicto de intereses<\/h2><\/div><\/div><div id=\"element_51177836320095\" class=\"el_text\"><p style=\"text-align: center;\">Conoce m\u00e1s detalles. Descarga nuestra Pol\u00edtica de no conflicto de intereses.<\/p><\/div><div id=\"element_52177836320064\" class=\"el-btn align-center\"><a href=\"http:\/\/deisa.com.mx\/wp\/wp-content\/uploads\/Codigos\/Pol\u00edtica%20de%20No%20Conflicto%20de%20Intereses.pdf\" class=\"btn btn-lg btn-skin-primary\" target=\"_blank\">Descargar<\/a><\/div><\/div><\/div><\/div><\/div><\/div><\/div><div id=\"element_53\" class=\"el_column col-md-3\"><div class=\"inner-column\"><div id=\"element_54177836320066\" class=\"row el_row\"><div class=\"inner-row\"><div id=\"element_55\" class=\"el_column col-md-12\"><div class=\"inner-column\"><div id=\"element-56\" class=\"section-head center layout-petro\"><div><h2 class=\"section-main-title\">Pol\u00edtica de seguridad<\/h2><\/div><\/div><div id=\"element_57177836320038\" class=\"el_text\"><p style=\"text-align: center;\">Conoce m\u00e1s detalles. Descarga nuestra Pol\u00edtica de seguridad.<\/p><\/div><div id=\"element_58177836320036\" class=\"el-btn align-center\"><a href=\"http:\/\/deisa.com.mx\/wp\/wp-content\/uploads\/Codigos\/Pol\u00edtica%20de%20Seguridad,%20Salud%20y%20Medio%20Ambiente.pdf\" class=\"btn btn-lg btn-skin-primary\" target=\"_blank\">Descargar<\/a><\/div><\/div><\/div><\/div><\/div><\/div><\/div><\/div><\/div><\/div><div class=\"container-fluid\"><div id=\"element_59177836320083\" class=\"el_row content-align_bottom column_equal_height row\"><div class=\"inner-row\"><div id=\"element_60\" class=\"el_column col-md-12\"><div class=\"inner-column\"><div id=\"element_61177836320016\" class=\"row el_row\"><div class=\"inner-row\"><div id=\"element_62\" class=\"el_column col-md-12\"><div class=\"inner-column\"><div id=\"element-63\" class=\"section-head center layout-petro\"><div><h2 class=\"section-main-title\">Pol\u00edtica de Calidad<\/h2><\/div><\/div><div id=\"element_64177836320018\" class=\"el_text\"><p style=\"text-align: center;\">Conoce m\u00e1s detalles. Descarga nuestra Pol\u00edtica de Calidad.<\/p><\/div><div id=\"element_65177836320071\" class=\"el-btn align-center\"><a href=\"http:\/\/deisa.com.mx\/wp\/wp-content\/uploads\/Codigos\/Pol\u00edtica%20de%20Calidad.pdf\" class=\"btn btn-lg btn-skin-primary\" target=\"_blank\">Descargar<\/a><\/div><\/div><\/div><\/div><\/div><\/div><\/div><\/div><\/div><\/div><div id=\"element_66177836320071\" class=\"row el_row\"><div class=\"inner-row\"><div id=\"element_67\" class=\"el_column col-md-6\"><div class=\"inner-column\"><\/div><\/div><div id=\"element_68\" class=\"el_column col-md-6\"><div class=\"inner-column\"><\/div><\/div><\/div><\/div>\n","protected":false},"excerpt":{"rendered":"","protected":false},"author":2,"featured_media":0,"parent":0,"menu_order":0,"comment_status":"closed","ping_status":"closed","template":"","meta":[],"_links":{"self":[{"href":"https:\/\/deisa.com.mx\/wp\/index.php?rest_route=\/wp\/v2\/pages\/4100"}],"collection":[{"href":"https:\/\/deisa.com.mx\/wp\/index.php?rest_route=\/wp\/v2\/pages"}],"about":[{"href":"https:\/\/deisa.com.mx\/wp\/index.php?rest_route=\/wp\/v2\/types\/page"}],"author":[{"embeddable":true,"href":"https:\/\/deisa.com.mx\/wp\/index.php?rest_route=\/wp\/v2\/users\/2"}],"replies":[{"embeddable":true,"href":"https:\/\/deisa.com.mx\/wp\/index.php?rest_route=%2Fwp%2Fv2%2Fcomments&post=4100"}],"version-history":[{"count":33,"href":"https:\/\/deisa.com.mx\/wp\/index.php?rest_route=\/wp\/v2\/pages\/4100\/revisions"}],"predecessor-version":[{"id":4767,"href":"https:\/\/deisa.com.mx\/wp\/index.php?rest_route=\/wp\/v2\/pages\/4100\/revisions\/4767"}],"wp:attachment":[{"href":"https:\/\/deisa.com.mx\/wp\/index.php?rest_route=%2Fwp%2Fv2%2Fmedia&parent=4100"}],"curies":[{"name":"wp","href":"https:\/\/api.w.org\/{rel}","templated":true}]}}