
{"id":3209,"date":"2017-07-07T23:09:19","date_gmt":"2017-07-07T23:09:19","guid":{"rendered":"http:\/\/petro-wp.themegum.com\/?page_id=3209"},"modified":"2025-12-08T22:34:46","modified_gmt":"2025-12-08T22:34:46","slug":"homepage-8","status":"publish","type":"page","link":"https:\/\/deisa.com.mx\/wp\/","title":{"rendered":"Inicio"},"content":{"rendered":"<div class=\"container-fluid\"><div class=\"container\"><div id=\"element_1177675604279\" class=\"el_row row\"><div class=\"inner-row\"><div id=\"element_2\" class=\"el_column col-md-6\"><div class=\"inner-column\"><div id=\"element-3\" data-uk-scrollspy=\"{cls:'uk-animation-slide-left', delay:300}\" class=\"section-head left linea_inferior_encabezado  size-large\"><div><h2 style=\"color:#222222;font-weight:600\" class=\"section-main-title\">QU\u00c9 HACEMOS<\/h2><\/div><\/div><div id=\"element_4177675604279\" data-uk-scrollspy=\"{cls:'uk-animation-fade', delay:300}\" class=\"el_text\"><p>Proporcionamos servios profesionales de verificaci\u00f3n y evaluaci\u00f3n de conformidad de las Normas Oficiales Mexicanas (NOM), Disposiciones Administrativas de Car\u00e1cter General (DACG) y Normas Mexicanas (NMX) aplicables en las materias:<\/p>\n<p><i class=\"fa fa-check\" style=\"color: #01224e;\"><\/i> Gas natural<br \/>\n<i class=\"fa fa-check\" style=\"color: #01224e;\"><\/i> Gas Licuado de Petr\u00f3leo<br \/>\n<i class=\"fa fa-check\" style=\"color: #01224e;\"><\/i> Petrol\u00edferos y Petroqu\u00edmicos<\/p><\/div><\/div><\/div><div id=\"element_5\" class=\"el_column col-md-6\"><div class=\"inner-column\"><div id=\"element_6\" data-uk-scrollspy=\"{cls:'uk-animation-slide-right', delay:300}\" class=\"el_image\"><div class=\"img-wrap image-align-left style-default\" ><div class=\"inner-wrap\" ><img  class=\"img-responsive\"  src=\"https:\/\/deisa.com.mx\/wp\/wp-content\/uploads\/2015\/05\/proyc_single_slid.png\" alt=\"\"\/><\/div><\/div><\/div><\/div><\/div><\/div><\/div><\/div><\/div><div class=\"container-fluid\"><div id=\"element_7177675604233\" class=\"el_row row\"><div class=\"inner-row\"><div class=\"container\"><div class=\"row\"><div id=\"element_8\" class=\"el_column col-md-12\"><div class=\"inner-column\"><div id=\"element-9\" data-uk-scrollspy=\"{cls:'uk-animation-slide-left', delay:300}\" class=\"section-head left layout-petro\"><div><h2 style=\"text-transform:uppercase\" class=\"section-main-title\">SERVICIOS<\/h2><\/div><\/div><div id=\"element_10177675604279\" class=\"row el_row\"><div class=\"inner-row\"><div id=\"element_11\" class=\"el_column col-md-6\"><div class=\"inner-column\"><div id=\"element_12\" class=\"module-iconboxes style-7\"><div class=\"iconboxes-wrap\" data-uk-scrollspy=\"{cls:'uk-animation-fade', delay:300}\"><div class=\"media\"><img class=\"img-responsive\" src=\"https:\/\/deisa.com.mx\/wp\/wp-content\/uploads\/2019\/03\/gas-natural.png\" alt=\"\"\/><\/div><div class=\"icon-body\"><span class=\"box\"><a target='_self' href='http:\/\/deisa.com.mx\/wp\/?page_id=4116'><i  class=\"fa-fire\">&nbsp;<\/i><\/a><\/span><div class=\"text-wrap\"><h4 class=\"box-heading\" >TRANSPORTE Y DISTRIBUCI\u00d3N<\/h4><div class=\"iconboxes-text\"><p>DEISA es\u00a0 una Unidad de Verificaci\u00f3n tipo \u201cA\u201d en materia de verificaci\u00f3n de instalaciones de Gas Natural<\/p><a target=\"_self\" href=\"http:\/\/deisa.com.mx\/wp\/?page_id=4116\" class=\"more-link\">M\u00e1s informaci\u00f3n<\/a><\/div><\/div><\/div><\/div><\/div><\/div><\/div><div id=\"element_13\" class=\"el_column col-md-6\"><div class=\"inner-column\"><div id=\"element_14\" class=\"module-iconboxes style-7\"><div class=\"iconboxes-wrap\" data-uk-scrollspy=\"{cls:'uk-animation-fade', delay:300}\"><div class=\"media\"><img class=\"img-responsive\" src=\"https:\/\/deisa.com.mx\/wp\/wp-content\/uploads\/2019\/03\/petroliferos-y-petroquimicos.png\" alt=\"\"\/><\/div><div class=\"icon-body\"><span class=\"box\"><a target='_self' href='http:\/\/deisa.com.mx\/wp\/?page_id=4150'><i  class=\"fa-flask\">&nbsp;<\/i><\/a><\/span><div class=\"text-wrap\"><h4 class=\"box-heading\" >MEDICI\u00d3N Y CALIDAD<\/h4><div class=\"iconboxes-text\"><p>Terceros Aprobados y Autorizados por la Comisi\u00f3n Nacional de Energ\u00eda (CNE)<\/p><a target=\"_self\" href=\"http:\/\/deisa.com.mx\/wp\/?page_id=4150\" class=\"more-link\">M\u00e1s informaci\u00f3n<\/a><\/div><\/div><\/div><\/div><\/div><\/div><\/div><\/div><\/div><div id=\"element_15177675604261\" class=\"row el_row\"><div class=\"inner-row\"><div id=\"element_16\" class=\"el_column col-md-6\"><div class=\"inner-column\"><div id=\"element_17\" class=\"module-iconboxes style-7\"><div class=\"iconboxes-wrap\" data-uk-scrollspy=\"{cls:'uk-animation-fade', delay:300}\"><div class=\"media\"><img class=\"img-responsive\" src=\"https:\/\/deisa.com.mx\/wp\/wp-content\/uploads\/2019\/03\/medicion-.png\" alt=\"\"\/><\/div><div class=\"icon-body\"><span class=\"box\"><a target='_self' href='http:\/\/deisa.com.mx\/wp\/?page_id=4155'><i  class=\"petro-construct-42\">&nbsp;<\/i><\/a><\/span><div class=\"text-wrap\"><h4 class=\"box-heading\" >REGULACI\u00d3N TRANSVERSAL<\/h4><div class=\"iconboxes-text\"><p>Autorizados para realizar Evaluaciones de Cumplimiento a disposiciones administrativas generales<\/p><a target=\"_self\" href=\"http:\/\/deisa.com.mx\/wp\/?page_id=4155\" class=\"more-link\">M\u00e1s informaci\u00f3n<\/a><\/div><\/div><\/div><\/div><\/div><\/div><\/div><div id=\"element_18\" class=\"el_column col-md-6\"><div class=\"inner-column\"><div id=\"element_19\" class=\"module-iconboxes style-7 content-align-center\"><div class=\"iconboxes-wrap\" data-uk-scrollspy=\"{cls:'uk-animation-fade', delay:300}\"><div class=\"media\"><img class=\"img-responsive\" src=\"https:\/\/deisa.com.mx\/wp\/wp-content\/uploads\/2019\/03\/transporte-y-almacenamiento.png\" alt=\"\"\/><\/div><div class=\"icon-body\"><span class=\"box\"><a target='_self' href='http:\/\/deisa.com.mx\/wp\/?page_id=4190'><i  class=\"petro-construct-19\">&nbsp;<\/i><\/a><\/span><div class=\"text-wrap\"><h4 class=\"box-heading\" >TRANSFORMACI\u00d3N Y ALMACENAMIENTO<\/h4><div class=\"iconboxes-text\"><p>Disposiciones en materia de seguridad para el transporte de petroqu\u00edmicos por medio de ductos.<\/p><a target=\"_self\" href=\"http:\/\/deisa.com.mx\/wp\/?page_id=4190\" class=\"more-link\">M\u00e1s informaci\u00f3n<\/a><\/div><\/div><\/div><\/div><\/div><\/div><\/div><\/div><\/div><\/div><\/div><\/div><\/div><\/div><\/div><\/div><div class=\"container-fluid\"><div class=\"container\"><div id=\"element_20177675604247\" class=\"el_row row\"><div class=\"inner-row\"><div id=\"element_21\" class=\"el_column col-md-12\"><div class=\"inner-column\"><div id=\"element-22\" data-uk-scrollspy=\"{cls:'uk-animation-slide-left', delay:300}\" class=\"section-head left layout-petro\"><div><h2 class=\"section-main-title\">ART\u00cdCULOS RECIENTES<\/h2><\/div><\/div><div id=\"element_23\" class=\"petro_post post-lists blog-col-4 clearfix\"><div class=\"grid-column col-xs-12 col-lg-3 col-md-6\"><article id=\"post-4630\" class=\"post-4630 post type-post status-publish format-standard has-post-thumbnail hentry category-uncategorized\">\n\t<a href=\"https:\/\/deisa.com.mx\/wp\/?p=4630\"><div class=\"blog-image clearfix\"><img width=\"1920\" height=\"1080\" src=\"https:\/\/deisa.com.mx\/wp\/wp-content\/uploads\/2019\/04\/vlcsnap-2019-04-01-10h49m26s890.png\" class=\"&quot;img-responsive&quot; wp-post-image\" alt=\"\" loading=\"lazy\" srcset=\"https:\/\/deisa.com.mx\/wp\/wp-content\/uploads\/2019\/04\/vlcsnap-2019-04-01-10h49m26s890.png 1920w, https:\/\/deisa.com.mx\/wp\/wp-content\/uploads\/2019\/04\/vlcsnap-2019-04-01-10h49m26s890-300x169.png 300w, https:\/\/deisa.com.mx\/wp\/wp-content\/uploads\/2019\/04\/vlcsnap-2019-04-01-10h49m26s890-768x432.png 768w, https:\/\/deisa.com.mx\/wp\/wp-content\/uploads\/2019\/04\/vlcsnap-2019-04-01-10h49m26s890-1024x576.png 1024w\" sizes=\"(max-width: 1920px) 100vw, 1920px\" \/><\/div><\/a>\t\t<div class=\"post-content clearfix\">\n\t\t\t<h2 class=\"post-title\"><a href=\"https:\/\/deisa.com.mx\/wp\/?p=4630\">Pol\u00edtica de No Conflicto de Intereses<\/a><\/h2>\n\t\t\t<ul class=\"post-meta-info\">\n\t\t<li class=\"meta date-info\"><i class=\"fa fa-clock-o\"><\/i>septiembre 24, 2020<\/li>\n\t\t<li class=\"meta comment-info\"><i class=\"fa fa-comment-o\"><\/i>no comment<\/li>\n<\/ul>\t\t<\/div>\n\t\t<div class=\"clearfix\"><\/div>\t\n<\/article><\/div><div class=\"grid-column col-xs-12 col-lg-3 col-md-6\"><article id=\"post-4627\" class=\"post-4627 post type-post status-publish format-standard has-post-thumbnail hentry category-uncategorized\">\n\t<a href=\"https:\/\/deisa.com.mx\/wp\/?p=4627\"><div class=\"blog-image clearfix\"><img width=\"1920\" height=\"1080\" src=\"https:\/\/deisa.com.mx\/wp\/wp-content\/uploads\/2019\/04\/vlcsnap-2019-04-01-10h49m26s890.png\" class=\"&quot;img-responsive&quot; wp-post-image\" alt=\"\" loading=\"lazy\" srcset=\"https:\/\/deisa.com.mx\/wp\/wp-content\/uploads\/2019\/04\/vlcsnap-2019-04-01-10h49m26s890.png 1920w, https:\/\/deisa.com.mx\/wp\/wp-content\/uploads\/2019\/04\/vlcsnap-2019-04-01-10h49m26s890-300x169.png 300w, https:\/\/deisa.com.mx\/wp\/wp-content\/uploads\/2019\/04\/vlcsnap-2019-04-01-10h49m26s890-768x432.png 768w, https:\/\/deisa.com.mx\/wp\/wp-content\/uploads\/2019\/04\/vlcsnap-2019-04-01-10h49m26s890-1024x576.png 1024w\" sizes=\"(max-width: 1920px) 100vw, 1920px\" \/><\/div><\/a>\t\t<div class=\"post-content clearfix\">\n\t\t\t<h2 class=\"post-title\"><a href=\"https:\/\/deisa.com.mx\/wp\/?p=4627\">Pol\u00edtica de No Discriminaci\u00f3n<\/a><\/h2>\n\t\t\t<ul class=\"post-meta-info\">\n\t\t<li class=\"meta date-info\"><i class=\"fa fa-clock-o\"><\/i>septiembre 24, 2020<\/li>\n\t\t<li class=\"meta comment-info\"><i class=\"fa fa-comment-o\"><\/i>no comment<\/li>\n<\/ul>\t\t<\/div>\n\t\t<div class=\"clearfix\"><\/div>\t\n<\/article><\/div><div class=\"grid-column col-xs-12 col-lg-3 col-md-6\"><article id=\"post-4623\" class=\"post-4623 post type-post status-publish format-standard has-post-thumbnail hentry category-uncategorized\">\n\t<a href=\"https:\/\/deisa.com.mx\/wp\/?p=4623\"><div class=\"blog-image clearfix\"><img width=\"1920\" height=\"1080\" src=\"https:\/\/deisa.com.mx\/wp\/wp-content\/uploads\/2019\/04\/vlcsnap-2019-04-01-10h49m26s890.png\" class=\"&quot;img-responsive&quot; wp-post-image\" alt=\"\" loading=\"lazy\" srcset=\"https:\/\/deisa.com.mx\/wp\/wp-content\/uploads\/2019\/04\/vlcsnap-2019-04-01-10h49m26s890.png 1920w, https:\/\/deisa.com.mx\/wp\/wp-content\/uploads\/2019\/04\/vlcsnap-2019-04-01-10h49m26s890-300x169.png 300w, https:\/\/deisa.com.mx\/wp\/wp-content\/uploads\/2019\/04\/vlcsnap-2019-04-01-10h49m26s890-768x432.png 768w, https:\/\/deisa.com.mx\/wp\/wp-content\/uploads\/2019\/04\/vlcsnap-2019-04-01-10h49m26s890-1024x576.png 1024w\" sizes=\"(max-width: 1920px) 100vw, 1920px\" \/><\/div><\/a>\t\t<div class=\"post-content clearfix\">\n\t\t\t<h2 class=\"post-title\"><a href=\"https:\/\/deisa.com.mx\/wp\/?p=4623\">C\u00f3digo de \u00c9tica<\/a><\/h2>\n\t\t\t<ul class=\"post-meta-info\">\n\t\t<li class=\"meta date-info\"><i class=\"fa fa-clock-o\"><\/i>septiembre 24, 2020<\/li>\n\t\t<li class=\"meta comment-info\"><i class=\"fa fa-comment-o\"><\/i>no comment<\/li>\n<\/ul>\t\t<\/div>\n\t\t<div class=\"clearfix\"><\/div>\t\n<\/article><\/div><div class=\"grid-column col-xs-12 col-lg-3 col-md-6\"><article id=\"post-4618\" class=\"post-4618 post type-post status-publish format-standard has-post-thumbnail hentry category-uncategorized\">\n\t<a href=\"https:\/\/deisa.com.mx\/wp\/?p=4618\"><div class=\"blog-image clearfix\"><img width=\"1920\" height=\"1080\" src=\"https:\/\/deisa.com.mx\/wp\/wp-content\/uploads\/2019\/04\/vlcsnap-2019-04-01-10h49m26s890.png\" class=\"&quot;img-responsive&quot; wp-post-image\" alt=\"\" loading=\"lazy\" srcset=\"https:\/\/deisa.com.mx\/wp\/wp-content\/uploads\/2019\/04\/vlcsnap-2019-04-01-10h49m26s890.png 1920w, https:\/\/deisa.com.mx\/wp\/wp-content\/uploads\/2019\/04\/vlcsnap-2019-04-01-10h49m26s890-300x169.png 300w, https:\/\/deisa.com.mx\/wp\/wp-content\/uploads\/2019\/04\/vlcsnap-2019-04-01-10h49m26s890-768x432.png 768w, https:\/\/deisa.com.mx\/wp\/wp-content\/uploads\/2019\/04\/vlcsnap-2019-04-01-10h49m26s890-1024x576.png 1024w\" sizes=\"(max-width: 1920px) 100vw, 1920px\" \/><\/div><\/a>\t\t<div class=\"post-content clearfix\">\n\t\t\t<h2 class=\"post-title\"><a href=\"https:\/\/deisa.com.mx\/wp\/?p=4618\">Pol\u00edtica de Seguridad<\/a><\/h2>\n\t\t\t<ul class=\"post-meta-info\">\n\t\t<li class=\"meta date-info\"><i class=\"fa fa-clock-o\"><\/i>septiembre 24, 2020<\/li>\n\t\t<li class=\"meta comment-info\"><i class=\"fa fa-comment-o\"><\/i>no comment<\/li>\n<\/ul>\t\t<\/div>\n\t\t<div class=\"clearfix\"><\/div>\t\n<\/article><\/div><\/div><div id=\"element_24177675604252\" class=\"row el_row\"><div class=\"inner-row\"><div id=\"element_25\" class=\"el_column col-md-3\"><div class=\"inner-column\"><\/div><\/div><div id=\"element_28\" class=\"el_column col-md-3\"><div class=\"inner-column\"><\/div><\/div><div id=\"element_31\" class=\"el_column col-md-3\"><div class=\"inner-column\"><\/div><\/div><div id=\"element_34\" class=\"el_column col-md-3\"><div class=\"inner-column\"><\/div><\/div><\/div><\/div><\/div><\/div><\/div><\/div><\/div><\/div>\n","protected":false},"excerpt":{"rendered":"","protected":false},"author":2,"featured_media":0,"parent":0,"menu_order":8,"comment_status":"closed","ping_status":"closed","template":"editor_page.php","meta":[],"_links":{"self":[{"href":"https:\/\/deisa.com.mx\/wp\/index.php?rest_route=\/wp\/v2\/pages\/3209"}],"collection":[{"href":"https:\/\/deisa.com.mx\/wp\/index.php?rest_route=\/wp\/v2\/pages"}],"about":[{"href":"https:\/\/deisa.com.mx\/wp\/index.php?rest_route=\/wp\/v2\/types\/page"}],"author":[{"embeddable":true,"href":"https:\/\/deisa.com.mx\/wp\/index.php?rest_route=\/wp\/v2\/users\/2"}],"replies":[{"embeddable":true,"href":"https:\/\/deisa.com.mx\/wp\/index.php?rest_route=%2Fwp%2Fv2%2Fcomments&post=3209"}],"version-history":[{"count":27,"href":"https:\/\/deisa.com.mx\/wp\/index.php?rest_route=\/wp\/v2\/pages\/3209\/revisions"}],"predecessor-version":[{"id":4726,"href":"https:\/\/deisa.com.mx\/wp\/index.php?rest_route=\/wp\/v2\/pages\/3209\/revisions\/4726"}],"wp:attachment":[{"href":"https:\/\/deisa.com.mx\/wp\/index.php?rest_route=%2Fwp%2Fv2%2Fmedia&parent=3209"}],"curies":[{"name":"wp","href":"https:\/\/api.w.org\/{rel}","templated":true}]}}