
{"id":3051,"date":"2017-07-04T02:05:02","date_gmt":"2017-07-04T02:05:02","guid":{"rendered":"http:\/\/petro-wp.themegum.com\/?page_id=3051"},"modified":"2022-07-07T17:19:26","modified_gmt":"2022-07-07T17:19:26","slug":"contacto","status":"publish","type":"page","link":"https:\/\/deisa.com.mx\/wp\/?page_id=3051","title":{"rendered":"Contacto"},"content":{"rendered":"<div class=\"container-fluid\"><div class=\"container\"><div id=\"element_1177673431049\" class=\"el_row row\"><div class=\"inner-row\"><div id=\"element_2\" class=\"el_column col-md-12\"><div class=\"inner-column\"><div id=\"element_3177673431089\" class=\"row el_row\"><div class=\"inner-row\"><div id=\"element_4\" class=\"el_column col-md-12\"><div class=\"inner-column\"><div id=\"element_5177673431033\" class=\"el_text text-center\"><p><span style=\"font-size: 18px;\">Mediante el siguiente formulario podr\u00e1 contactarnos para una cotizaci\u00f3n o reportar alg\u00fan problema con su proyecto.<br \/>\n<\/span><\/p><\/div><div id=\"element-6\" class=\"section-head left  size-custom\"><div><h2 style=\"font-weight:600;font-size:24px\" class=\"section-main-title\">Detalles de contacto<\/h2><\/div><\/div><div id=\"element_7177673431075\" class=\"row el_row\"><div class=\"inner-row\"><div id=\"element_8\" class=\"el_column col-md-6\"><div class=\"inner-column\"><div id=\"element_9177673431050\" class=\"el_text\"><div role=\"form\" class=\"wpcf7\" id=\"wpcf7-f4673-o1\" lang=\"en-US\" dir=\"ltr\">\n<div class=\"screen-reader-response\"><p role=\"status\" aria-live=\"polite\" aria-atomic=\"true\"><\/p> <ul><\/ul><\/div>\n<form action=\"\/wp\/index.php?rest_route=%2Fwp%2Fv2%2Fpages%2F3051#wpcf7-f4673-o1\" method=\"post\" class=\"wpcf7-form init\" enctype=\"multipart\/form-data\" novalidate=\"novalidate\" data-status=\"init\">\n<div style=\"display: none;\">\n<input type=\"hidden\" name=\"_wpcf7\" value=\"4673\" \/>\n<input type=\"hidden\" name=\"_wpcf7_version\" value=\"5.6\" \/>\n<input type=\"hidden\" name=\"_wpcf7_locale\" value=\"en_US\" \/>\n<input type=\"hidden\" name=\"_wpcf7_unit_tag\" value=\"wpcf7-f4673-o1\" \/>\n<input type=\"hidden\" name=\"_wpcf7_container_post\" value=\"0\" \/>\n<input type=\"hidden\" name=\"_wpcf7_posted_data_hash\" value=\"\" \/>\n<input type=\"hidden\" name=\"_wpcf7cf_hidden_group_fields\" value=\"[]\" \/>\n<input type=\"hidden\" name=\"_wpcf7cf_hidden_groups\" value=\"[]\" \/>\n<input type=\"hidden\" name=\"_wpcf7cf_visible_groups\" value=\"[]\" \/>\n<input type=\"hidden\" name=\"_wpcf7cf_repeaters\" value=\"[]\" \/>\n<input type=\"hidden\" name=\"_wpcf7cf_steps\" value=\"{}\" \/>\n<input type=\"hidden\" name=\"_wpcf7cf_options\" value=\"{&quot;form_id&quot;:4673,&quot;conditions&quot;:[{&quot;then_field&quot;:&quot;group_cotizaciones&quot;,&quot;and_rules&quot;:[{&quot;if_field&quot;:&quot;txt_motivocontacto&quot;,&quot;operator&quot;:&quot;equals&quot;,&quot;if_value&quot;:&quot;Cotizaciones&quot;}]},{&quot;then_field&quot;:&quot;chk_transporte&quot;,&quot;and_rules&quot;:[{&quot;if_field&quot;:&quot;txt_tipocotizacion&quot;,&quot;operator&quot;:&quot;equals&quot;,&quot;if_value&quot;:&quot;Transporte y distribuci\\u00f3n&quot;}]},{&quot;then_field&quot;:&quot;chk_medicionCalidad&quot;,&quot;and_rules&quot;:[{&quot;if_field&quot;:&quot;txt_tipocotizacion&quot;,&quot;operator&quot;:&quot;equals&quot;,&quot;if_value&quot;:&quot;Medici\\u00f3n y Calidad&quot;}]},{&quot;then_field&quot;:&quot;chk_regulacionTrans&quot;,&quot;and_rules&quot;:[{&quot;if_field&quot;:&quot;txt_tipocotizacion&quot;,&quot;operator&quot;:&quot;equals&quot;,&quot;if_value&quot;:&quot;Regulaci\\u00f3n Transversal&quot;}]},{&quot;then_field&quot;:&quot;chk_tranformalacena&quot;,&quot;and_rules&quot;:[{&quot;if_field&quot;:&quot;txt_tipocotizacion&quot;,&quot;operator&quot;:&quot;equals&quot;,&quot;if_value&quot;:&quot;Transformaci\\u00f3n y Almacenamiento&quot;}]},{&quot;then_field&quot;:&quot;group_quejas&quot;,&quot;and_rules&quot;:[{&quot;if_field&quot;:&quot;txt_motivocontacto&quot;,&quot;operator&quot;:&quot;equals&quot;,&quot;if_value&quot;:&quot;Quejas y apelaciones&quot;}]}],&quot;settings&quot;:{&quot;animation&quot;:&quot;yes&quot;,&quot;animation_intime&quot;:200,&quot;animation_outtime&quot;:200,&quot;conditions_ui&quot;:&quot;normal&quot;,&quot;notice_dismissed&quot;:false}}\" \/>\n<\/div>\n<div class=\"form-horizontal\">\n<div class=\"form-group\">\n<div class=\"col-sm-12\"><span class=\"wpcf7-form-control-wrap\" data-name=\"contact_name\"><input type=\"text\" name=\"contact_name\" value=\"\" size=\"30\" class=\"wpcf7-form-control wpcf7-text required form-control\" id=\"contact_name\" aria-invalid=\"false\" placeholder=\"Nombre completo\" \/><\/span><\/div>\n<\/div>\n<div class=\"form-group\">\n<div class=\"col-sm-12\">\n<span class=\"wpcf7-form-control-wrap\" data-name=\"txt_empresa\"><input type=\"text\" name=\"txt_empresa\" value=\"\" size=\"40\" class=\"wpcf7-form-control wpcf7-text wpcf7-validates-as-required form-control\" aria-required=\"true\" aria-invalid=\"false\" placeholder=\"Empresa\" \/><\/span>\n<\/div>\n<\/div>\n<div class=\"form-group\">\n<div class=\"col-sm-12\"><span class=\"wpcf7-form-control-wrap\" data-name=\"txt_email\"><input type=\"email\" name=\"txt_email\" value=\"\" size=\"30\" class=\"wpcf7-form-control wpcf7-text wpcf7-email wpcf7-validates-as-email validate-email required form-control\" id=\"contact_email\" aria-invalid=\"false\" placeholder=\"Correo electr\u00f3nico\" \/><\/span><\/div>\n<\/div>\n<div class=\"form-group\">\n<div class=\"col-sm-12\"><span class=\"wpcf7-form-control-wrap\" data-name=\"txt_telefono\"><input type=\"tel\" name=\"txt_telefono\" value=\"\" size=\"30\" class=\"wpcf7-form-control wpcf7-text wpcf7-tel wpcf7-validates-as-tel required form-control\" id=\"contact_subject\" aria-invalid=\"false\" placeholder=\"Tel\u00e9fono\" \/><\/span><\/div>\n<\/div>\n<div class=\"form-group\">\n<div class=\"col-sm-12\">\n<label>Motivo de Contacto<\/label><br \/>\n<span class=\"wpcf7-form-control-wrap\" data-name=\"txt_motivocontacto\"><select name=\"txt_motivocontacto\" class=\"wpcf7-form-control wpcf7-select wpcf7-validates-as-required form-control\" aria-required=\"true\" aria-invalid=\"false\"><option value=\"\">---<\/option><option value=\"Cotizaciones\">Cotizaciones<\/option><option value=\"Quejas y apelaciones\">Quejas y apelaciones<\/option><\/select><\/span>\n<\/div>\n<\/div>\n<div data-id=\"group_cotizaciones\" data-orig_data_id=\"group_cotizaciones\" data-clear_on_hide data-class=\"wpcf7cf_group\">\n    <span class=\"wpcf7-form-control-wrap\" data-name=\"txt_tipocotizacion\"><span class=\"wpcf7-form-control wpcf7-checkbox\"><span class=\"wpcf7-list-item first\"><label><input type=\"checkbox\" name=\"txt_tipocotizacion[]\" value=\"Transporte y distribuci\u00f3n\" \/><span class=\"wpcf7-list-item-label\">Transporte y distribuci\u00f3n<\/span><\/label><\/span><span class=\"wpcf7-list-item\"><label><input type=\"checkbox\" name=\"txt_tipocotizacion[]\" value=\"Medici\u00f3n y Calidad\" \/><span class=\"wpcf7-list-item-label\">Medici\u00f3n y Calidad<\/span><\/label><\/span><span class=\"wpcf7-list-item\"><label><input type=\"checkbox\" name=\"txt_tipocotizacion[]\" value=\"Regulaci\u00f3n Transversal\" \/><span class=\"wpcf7-list-item-label\">Regulaci\u00f3n Transversal<\/span><\/label><\/span><span class=\"wpcf7-list-item last\"><label><input type=\"checkbox\" name=\"txt_tipocotizacion[]\" value=\"Transformaci\u00f3n y Almacenamiento\" \/><span class=\"wpcf7-list-item-label\">Transformaci\u00f3n y Almacenamiento<\/span><\/label><\/span><\/span><\/span><\/p>\n<div class=\"row\">\n<div data-id=\"chk_transporte\" data-orig_data_id=\"chk_transporte\" data-clear_on_hide data-class=\"wpcf7cf_group\">\n<div class=\"form-group\">\n<div class=\"col-md-4 col-xs-12\">\n          <span><strong>Transporte y Distribuci\u00f3n<\/strong><\/span><br \/>\n          <span class=\"wpcf7-form-control-wrap\" data-name=\"norms_transporte\"><span class=\"wpcf7-form-control wpcf7-checkbox\"><span class=\"wpcf7-list-item first\"><label><input type=\"checkbox\" name=\"norms_transporte[]\" value=\"NOM-002\" \/><span class=\"wpcf7-list-item-label\">NOM-002<\/span><\/label><\/span><span class=\"wpcf7-list-item\"><label><input type=\"checkbox\" name=\"norms_transporte[]\" value=\"NOM-003\" \/><span class=\"wpcf7-list-item-label\">NOM-003<\/span><\/label><\/span><span class=\"wpcf7-list-item\"><label><input type=\"checkbox\" name=\"norms_transporte[]\" value=\"NOM-007\" \/><span class=\"wpcf7-list-item-label\">NOM-007<\/span><\/label><\/span><span class=\"wpcf7-list-item\"><label><input type=\"checkbox\" name=\"norms_transporte[]\" value=\"NOM-009\" \/><span class=\"wpcf7-list-item-label\">NOM-009<\/span><\/label><\/span><span class=\"wpcf7-list-item\"><label><input type=\"checkbox\" name=\"norms_transporte[]\" value=\"NOM-011\" \/><span class=\"wpcf7-list-item-label\">NOM-011<\/span><\/label><\/span><span class=\"wpcf7-list-item\"><label><input type=\"checkbox\" name=\"norms_transporte[]\" value=\"DACG Trasvase\" \/><span class=\"wpcf7-list-item-label\">DACG Trasvase<\/span><\/label><\/span><span class=\"wpcf7-list-item last\"><label><input type=\"checkbox\" name=\"norms_transporte[]\" value=\"DACG SISOPA Transporte\" \/><span class=\"wpcf7-list-item-label\">DACG SISOPA Transporte<\/span><\/label><\/span><\/span><\/span>\n          <\/div>\n<\/div>\n<\/div>\n<div data-id=\"chk_medicionCalidad\" data-orig_data_id=\"chk_medicionCalidad\" data-clear_on_hide data-class=\"wpcf7cf_group\">\n<div class=\"form-group\">\n<div class=\"col-md-4 col-xs-12\">\n<span><strong>Medici\u00f3n y Caidad<\/strong><\/span><br \/>\n<span class=\"wpcf7-form-control-wrap\" data-name=\"norms_medicion\"><span class=\"wpcf7-form-control wpcf7-checkbox\"><span class=\"wpcf7-list-item first\"><label><input type=\"checkbox\" name=\"norms_medicion[]\" value=\"NOM-001\" \/><span class=\"wpcf7-list-item-label\">NOM-001<\/span><\/label><\/span><span class=\"wpcf7-list-item\"><label><input type=\"checkbox\" name=\"norms_medicion[]\" value=\"NOM-014\" \/><span class=\"wpcf7-list-item-label\">NOM-014<\/span><\/label><\/span><span class=\"wpcf7-list-item\"><label><input type=\"checkbox\" name=\"norms_medicion[]\" value=\"NOM-016\" \/><span class=\"wpcf7-list-item-label\">NOM-016<\/span><\/label><\/span><span class=\"wpcf7-list-item\"><label><input type=\"checkbox\" name=\"norms_medicion[]\" value=\"DACG Almacenamiento\" \/><span class=\"wpcf7-list-item-label\">DACG Almacenamiento<\/span><\/label><\/span><span class=\"wpcf7-list-item last\"><label><input type=\"checkbox\" name=\"norms_medicion[]\" value=\"DACG Transporte\" \/><span class=\"wpcf7-list-item-label\">DACG Transporte<\/span><\/label><\/span><\/span><\/span>\n<\/div>\n<\/div>\n<\/div>\n<div data-id=\"chk_regulacionTrans\" data-orig_data_id=\"chk_regulacionTrans\" data-clear_on_hide data-class=\"wpcf7cf_group\">\n<div class=\"form-group\">\n<div class=\"col-md-4 col-xs-12\">\n<span><strong>Regulaci\u00f3n Transversal<\/strong><\/span><br \/>\n<span class=\"wpcf7-form-control-wrap\" data-name=\"norms_regtransversal\"><span class=\"wpcf7-form-control wpcf7-checkbox\"><span class=\"wpcf7-list-item first\"><label><input type=\"checkbox\" name=\"norms_regtransversal[]\" value=\"DACG SASISOPA Comercial\" \/><span class=\"wpcf7-list-item-label\">DACG SASISOPA Comercial<\/span><\/label><\/span><span class=\"wpcf7-list-item last\"><label><input type=\"checkbox\" name=\"norms_regtransversal[]\" value=\"DACG SASISOPA Industrial\" \/><span class=\"wpcf7-list-item-label\">DACG SASISOPA Industrial<\/span><\/label><\/span><\/span><\/span>\n<\/div>\n<\/div>\n<\/div>\n<div data-id=\"chk_tranformalacena\" data-orig_data_id=\"chk_tranformalacena\" data-clear_on_hide data-class=\"wpcf7cf_group\">\n<div class=\"form-group\">\n<div class=\"col-md-4 col-xs-12\">\n<span><strong>Regulaci\u00f3n Transversal<\/strong><\/span><br \/>\n<span class=\"wpcf7-form-control-wrap\" data-name=\"norms_transaformalmacena\"><span class=\"wpcf7-form-control wpcf7-checkbox\"><span class=\"wpcf7-list-item first\"><label><input type=\"checkbox\" name=\"norms_transaformalmacena[]\" value=\"NOM-005\" \/><span class=\"wpcf7-list-item-label\">NOM-005<\/span><\/label><\/span><span class=\"wpcf7-list-item\"><label><input type=\"checkbox\" name=\"norms_transaformalmacena[]\" value=\"NOM-006\" \/><span class=\"wpcf7-list-item-label\">NOM-006<\/span><\/label><\/span><span class=\"wpcf7-list-item last\"><label><input type=\"checkbox\" name=\"norms_transaformalmacena[]\" value=\"NOM-015\" \/><span class=\"wpcf7-list-item-label\">NOM-015<\/span><\/label><\/span><\/span><\/span>\n<\/div>\n<\/div>\n<\/div>\n<\/div>\n<div class=\"form-group\">\n<div class=\"col-sm-12\"><span class=\"wpcf7-form-control-wrap\" data-name=\"txt_mensaje\"><textarea name=\"txt_mensaje\" cols=\"50\" rows=\"10\" class=\"wpcf7-form-control wpcf7-textarea required form-control\" id=\"contact_message\" aria-invalid=\"false\" placeholder=\"Mensaje\"><\/textarea><\/span><\/div>\n<\/div>\n<\/div>\n<div data-id=\"group_quejas\" data-orig_data_id=\"group_quejas\" data-clear_on_hide data-class=\"wpcf7cf_group\">\n<span class=\"wpcf7-form-control-wrap\" data-name=\"txt_numproyecto\"><input type=\"text\" name=\"txt_numproyecto\" value=\"\" size=\"40\" class=\"wpcf7-form-control wpcf7-text\" aria-invalid=\"false\" placeholder=\"N\u00b0 Proyecto \/ Propuesta\" \/><\/span><\/p>\n<div class=\"form-group\">\n<div class=\"col-sm-12\"><span class=\"wpcf7-form-control-wrap\" data-name=\"txt_descripcion\"><textarea name=\"txt_descripcion\" cols=\"50\" rows=\"10\" class=\"wpcf7-form-control wpcf7-textarea required form-control\" id=\"contact_message\" aria-invalid=\"false\" placeholder=\"Descripci\u00f3n\"><\/textarea><\/span><\/div>\n<\/div>\n<\/div>\n<div class=\"form-group\">\n<div class=\"col-sm-12\">\n<span class=\"wpcf7-form-control-wrap\" data-name=\"file-94\"><input type=\"file\" name=\"file-94\" size=\"40\" class=\"wpcf7-form-control wpcf7-file\" accept=\".doc,.docx,.pdf\" aria-invalid=\"false\" \/><\/span>\n<\/div>\n<\/div>\n<div class=\"form-group\">\n<div class=\"col-sm-12\">\n<input type=\"submit\" value=\"Enviar\" class=\"wpcf7-form-control has-spinner wpcf7-submit\" \/>\n<\/div>\n<\/div>\n<\/div>\n<div class=\"wpcf7-response-output\" aria-hidden=\"true\"><\/div><\/form><\/div><\/div><\/div><\/div><div id=\"element_10\" class=\"el_column col-md-6\"><div class=\"inner-column\"><div id=\"element_11\" class=\"el_image\"><div class=\"img-wrap image-align-center style-default\" ><div class=\"inner-wrap\" ><img  class=\"img-responsive\"  src=\"https:\/\/deisa.com.mx\/wp\/wp-content\/uploads\/2019\/03\/Logo-sin-nombre-300x283.png\" alt=\"\"\/><\/div><\/div><\/div><\/div><\/div><\/div><\/div><\/div><\/div><\/div><\/div><\/div><\/div><\/div><\/div><\/div><\/div><div class=\"container-fluid\"><div id=\"element_12177673431053\" class=\"el_row row\"><div class=\"inner-row\"><div id=\"element_13\" class=\"el_column col-md-12\"><div class=\"inner-column\"><div id=\"element_14177673431067\" class=\"el_text\"><p><iframe loading=\"lazy\" style=\"border: 0;\" tabindex=\"0\" src=\"https:\/\/www.google.com\/maps\/embed?pb=!1m14!1m8!1m3!1d15054.584947673264!2d-99.18015648098145!3d19.384464704649265!3m2!1i1024!2i768!4f13.1!3m3!1m2!1s0x85d1ff77d31c3e17%3A0xe8cf8f82026997a9!2sCalle%20Pennsylvania%20300%2C%20Cd.%20de%20los%20Deportes%2C%20Benito%20Ju%C3%A1rez%2C%2003710%20Ciudad%20de%20M%C3%A9xico%2C%20CDMX!5e0!3m2!1ses-419!2smx!4v1599861963185!5m2!1ses-419!2smx\" width=\"100%\" height=\"450\" frameborder=\"0\" allowfullscreen=\"allowfullscreen\" aria-hidden=\"false\"><\/iframe><\/p><\/div><\/div><\/div><\/div><\/div><\/div>\n","protected":false},"excerpt":{"rendered":"","protected":false},"author":2,"featured_media":0,"parent":0,"menu_order":43,"comment_status":"closed","ping_status":"closed","template":"editor_page.php","meta":[],"_links":{"self":[{"href":"https:\/\/deisa.com.mx\/wp\/index.php?rest_route=\/wp\/v2\/pages\/3051"}],"collection":[{"href":"https:\/\/deisa.com.mx\/wp\/index.php?rest_route=\/wp\/v2\/pages"}],"about":[{"href":"https:\/\/deisa.com.mx\/wp\/index.php?rest_route=\/wp\/v2\/types\/page"}],"author":[{"embeddable":true,"href":"https:\/\/deisa.com.mx\/wp\/index.php?rest_route=\/wp\/v2\/users\/2"}],"replies":[{"embeddable":true,"href":"https:\/\/deisa.com.mx\/wp\/index.php?rest_route=%2Fwp%2Fv2%2Fcomments&post=3051"}],"version-history":[{"count":16,"href":"https:\/\/deisa.com.mx\/wp\/index.php?rest_route=\/wp\/v2\/pages\/3051\/revisions"}],"predecessor-version":[{"id":4674,"href":"https:\/\/deisa.com.mx\/wp\/index.php?rest_route=\/wp\/v2\/pages\/3051\/revisions\/4674"}],"wp:attachment":[{"href":"https:\/\/deisa.com.mx\/wp\/index.php?rest_route=%2Fwp%2Fv2%2Fmedia&parent=3051"}],"curies":[{"name":"wp","href":"https:\/\/api.w.org\/{rel}","templated":true}]}}